{"id":192,"date":"2022-02-09T09:44:48","date_gmt":"2022-02-09T09:44:48","guid":{"rendered":"https:\/\/ibclinicadental.com\/implants-2"},"modified":"2025-03-05T18:45:36","modified_gmt":"2025-03-05T18:45:36","slug":"implants-dentals","status":"publish","type":"page","link":"https:\/\/ibclinicadental.com\/ca\/implants-dentals","title":{"rendered":"Implants"},"content":{"rendered":"<div class=\"wpb-content-wrapper\"><p>[vc_row full_width=&#8221;stretch_row&#8221; content_placement=&#8221;middle&#8221; css_animation=&#8221;none&#8221; el_class=&#8221;laclinica&#8221; css=&#8221;.vc_custom_1644495023998{padding-top: 4vw !important;padding-bottom: 4vw !important;background-color: #ffffff !important;}&#8221;][vc_column][vc_row_inner content_placement=&#8221;top&#8221; css=&#8221;.vc_custom_1644494371713{padding-bottom: 4vw !important;}&#8221;][vc_column_inner width=&#8221;1\/3&#8243;][\/vc_column_inner][vc_column_inner width=&#8221;1\/3&#8243;][vc_column_text css=&#8221;.vc_custom_1668003031929{margin-bottom: 2vw !important;}&#8221;]<\/p>\n<h1 style=\"text-align: center; letter-spacing: 3px;\">IMPLANTS DENTALS<\/h1>\n<p>[\/vc_column_text][vc_separator color=&#8221;black&#8221;][\/vc_column_inner][vc_column_inner width=&#8221;1\/3&#8243;][\/vc_column_inner][\/vc_row_inner][vc_row_inner content_placement=&#8221;top&#8221;][vc_column_inner][vc_column_text css=&#8221;.vc_custom_1668003065568{margin-bottom: 2vw !important;}&#8221;]<\/p>\n<h3 style=\"text-align: center;\">Implants Dental i dents fixes<br \/>\nen un sol dia<\/h3>\n<p>[\/vc_column_text][vc_column_text el_class=&#8221;negre&#8221;]Un <a href=\"https:\/\/ibclinicadental.com\/implants\"><span style=\"color: black;\">implant dental<\/span><\/a> \u00e9s un pern met\u00e0l\u00b7lic que reempla\u00e7a la part de l&#8217;arrel d&#8217;un dient mancant. Un dent artificial (corona) es col\u00b7loca en una extensi\u00f3 del pern a l&#8217;implant dental, cosa que brinda l&#8217;aspecte d&#8217;un dent real.<\/p>\n<p style=\"text-align: left;\">A <a href=\"https:\/\/ibclinicadental.com\/implants\"><span style=\"color: black;\">IB Cl\u00ednica Dental a Tarragona<\/span><\/a> realitzem implantologia dental sota la direcci\u00f3 de la Dra Ines Batlle, l&#8217;\u00c0rea d&#8217;Implantologia a IB Cl\u00ednica Dental ofereix una \u00e0mplia gamma de tractaments en funci\u00f3 de les necessitats i realitats de cada pacient:<\/p>\n<p>[\/vc_column_text][\/vc_column_inner][\/vc_row_inner][\/vc_column][\/vc_row][vc_row content_placement=&#8221;middle&#8221; css_animation=&#8221;none&#8221; el_class=&#8221;laclinica&#8221; css=&#8221;.vc_custom_1617896988632{padding-bottom: 10vw !important;}&#8221;][vc_column width=&#8221;1\/2&#8243; css=&#8221;.vc_custom_1616757811868{padding-right: 4vw !important;}&#8221;][vc_single_image image=&#8221;804&#8243; img_size=&#8221;large&#8221; css_animation=&#8221;bottom-to-top&#8221; el_class=&#8221;homepage-image-intro&#8221;][\/vc_column][vc_column width=&#8221;1\/2&#8243; css=&#8221;.vc_custom_1616757822584{padding-left: 4vw !important;}&#8221;][vc_column_text css=&#8221;.vc_custom_1644237840278{margin-bottom: 2vw !important;}&#8221;]<\/p>\n<h3>Tecnologia<\/h3>\n<p>[\/vc_column_text][vc_column_text el_class=&#8221;negre&#8221;]La complexitat d&#8217;aquest tipus de tractaments ha afavorit el desenvolupament d&#8217;equips tecnol\u00f2gics que millorin notablement el diagn\u00f2stic, la intervenci\u00f3 i el seguiment dels pacients. En aquest sentit, la cl\u00ednica compta amb tot tipus d&#8217;equipament i tecnologia entre els quals destaquen:<\/p>\n<ul>\n<li>Ortopantom\u00f2graf per a radiografias panor\u00e0miques maxil\u00b7lars.<\/li>\n<li>Sistema de monitoratge per controlar el proc\u00e9s d&#8217;osteointegraci\u00f3 de l&#8217;implant.<\/li>\n<li>Sedacions de tot tipus, incloses les sedacions conscients i per \u00f2xid nitr\u00f2s.<\/li>\n<li>Quir\u00f2fan i boxes equipats amb plataformes tecnol\u00f2giques.<\/li>\n<li>Programari dental i instrumental sotm\u00e8s a protocols certificats d&#8217;esterilitzaci\u00f3 hospital\u00e0ria.<\/li>\n<\/ul>\n<p>[\/vc_column_text][\/vc_column][\/vc_row][vc_row content_placement=&#8221;middle&#8221; css_animation=&#8221;none&#8221; el_class=&#8221;laclinica&#8221; css=&#8221;.vc_custom_1617896988632{padding-bottom: 10vw !important;}&#8221;][vc_column width=&#8221;1\/2&#8243; css=&#8221;.vc_custom_1616757811868{padding-right: 4vw !important;}&#8221;][vc_column_text css=&#8221;.vc_custom_1644238411739{margin-bottom: 2vw !important;}&#8221;]<\/p>\n<h3>Comunicaci\u00f3<\/h3>\n<p>[\/vc_column_text][vc_column_text el_class=&#8221;negre&#8221;]Treballem la comunicaci\u00f3 entre professionals i amb el pacient com a referent. Doctors, prot\u00e8tics i auxiliars treballin en equip. La informaci\u00f3 flueix des de la recepci\u00f3 fins a la finalitzaci\u00f3 del tractament, amb el pacient com a centre.<\/p>\n<p>Tots els professionals d\u00b4IB Dental compten amb el suport tecnol\u00f2gic necessari per desenvolupar la seva feina. Prous, radiografies, tacs\u2026 estan a disposici\u00f3 del professional que requereixi aquesta informaci\u00f3 per desenvolupar la seva tasca.[\/vc_column_text][\/vc_column][vc_column width=&#8221;1\/2&#8243; css=&#8221;.vc_custom_1616757822584{padding-left: 4vw !important;}&#8221;][vc_single_image image=&#8221;566&#8243; img_size=&#8221;large&#8221; css_animation=&#8221;bottom-to-top&#8221; el_class=&#8221;homepage-image-intro&#8221;][\/vc_column][\/vc_row][vc_row content_placement=&#8221;middle&#8221; css_animation=&#8221;none&#8221; el_class=&#8221;laclinica&#8221; css=&#8221;.vc_custom_1617896988632{padding-bottom: 10vw !important;}&#8221;][vc_column width=&#8221;1\/2&#8243; css=&#8221;.vc_custom_1616757811868{padding-right: 4vw !important;}&#8221;][vc_single_image image=&#8221;565&#8243; img_size=&#8221;large&#8221; css_animation=&#8221;bottom-to-top&#8221; el_class=&#8221;homepage-image-intro&#8221;][\/vc_column][vc_column width=&#8221;1\/2&#8243; css=&#8221;.vc_custom_1616757822584{padding-left: 4vw !important;}&#8221;][vc_column_text css=&#8221;.vc_custom_1644238283030{margin-bottom: 2vw !important;}&#8221;]<\/p>\n<h3>Experi\u00e8ncia<\/h3>\n<p>[\/vc_column_text][vc_column_text el_class=&#8221;negre&#8221;]Amb m\u00e9s de 15 anys d&#8217;experi\u00e8ncia, acumulem una cartera \u00e0mplia de pacients. Milers d&#8217;hist\u00f2ries cl\u00edniques que aglutinen dades i casu\u00edstiques diverses\u2026 Informaci\u00f3 molt valuosa que l&#8217;equip m\u00e8dic i prot\u00e8tic t\u00e9 a la seva disposici\u00f3 per documentar, estudiar nous casos i valorar protocols d&#8217;actuaci\u00f3 amb base cient\u00edfica[\/vc_column_text][\/vc_column][\/vc_row][vc_row full_width=&#8221;stretch_row&#8221; content_placement=&#8221;middle&#8221; css_animation=&#8221;none&#8221; el_class=&#8221;laclinica&#8221; css=&#8221;.vc_custom_1644493580010{padding-top: 4vw !important;padding-bottom: 4vw !important;background-color: #f5f5f5 !important;}&#8221;][vc_column][vc_row_inner content_placement=&#8221;top&#8221; css=&#8221;.vc_custom_1644494371713{padding-bottom: 4vw !important;}&#8221;][vc_column_inner width=&#8221;1\/3&#8243;][\/vc_column_inner][vc_column_inner width=&#8221;1\/3&#8243;][vc_column_text]<\/p>\n<h5 style=\"text-align: center; letter-spacing: 3px;\">IMPLANTS ESPECIALS<\/h5>\n<p>[\/vc_column_text][vc_separator color=&#8221;black&#8221;][\/vc_column_inner][vc_column_inner width=&#8221;1\/3&#8243;][\/vc_column_inner][\/vc_row_inner][vc_row_inner content_placement=&#8221;top&#8221;][vc_column_inner][vc_column_text css=&#8221;.vc_custom_1644494882709{margin-bottom: 30px !important;}&#8221;]<\/p>\n<h3 style=\"text-align: center;\">Implants dentals<br \/>\nde c\u00e0rrega immediata<\/h3>\n<p>[\/vc_column_text][\/vc_column_inner][\/vc_row_inner][vc_row_inner][vc_column_inner width=&#8221;1\/2&#8243;][vc_column_text el_class=&#8221;negre&#8221;]<\/p>\n<p style=\"text-align: left;\">La t\u00e8cnica dels implants de c\u00e0rrega immediata \u00e9s un tractament que permet col\u00b7locar la pr\u00f2tesi dental el mateix dia i amb una \u00fanica intervenci\u00f3 quir\u00fargica.<br \/>\nAquestes pr\u00f2tesis, no definitives, permeten als nostres pacients mantenir l&#8217;est\u00e8tica durant els mesos que dura el per\u00edode de cicatritzaci\u00f3 en qu\u00e8 l&#8217;implant s&#8217;integra amb els (osteointegraci\u00f3).<\/p>\n<p>[\/vc_column_text][\/vc_column_inner][vc_column_inner width=&#8221;1\/2&#8243;][vc_column_text el_class=&#8221;negre&#8221;]<\/p>\n<p style=\"text-align: left;\">Aquesta t\u00e8cnica permet al pacient reincorporar-se a la vida laboral l&#8217;endem\u00e0 de la intervenci\u00f3. definitiva que els nostres prot\u00e8tics, en col\u00b7laboraci\u00f3 amb l&#8217;implant\u00f2leg, fabriquin a mida al laboratori.<\/p>\n<p>[\/vc_column_text][\/vc_column_inner][\/vc_row_inner][\/vc_column][\/vc_row][vc_row full_width=&#8221;stretch_row&#8221; content_placement=&#8221;middle&#8221; css_animation=&#8221;none&#8221; el_class=&#8221;laclinica&#8221; css=&#8221;.vc_custom_1644494633535{padding-top: 4vw !important;padding-bottom: 4vw !important;background-color: #ffffff !important;}&#8221;][vc_column][vc_row_inner content_placement=&#8221;top&#8221; css=&#8221;.vc_custom_1644494371713{padding-bottom: 4vw !important;}&#8221;][vc_column_inner width=&#8221;1\/3&#8243;][\/vc_column_inner][vc_column_inner width=&#8221;1\/3&#8243;][vc_column_text]<\/p>\n<h5 style=\"text-align: center; letter-spacing: 3px;\">ODONTOGERIATRIA<\/h5>\n<p>[\/vc_column_text][vc_separator color=&#8221;black&#8221;][\/vc_column_inner][vc_column_inner width=&#8221;1\/3&#8243;][\/vc_column_inner][\/vc_row_inner][vc_row_inner content_placement=&#8221;top&#8221;][vc_column_inner][vc_column_text css=&#8221;.vc_custom_1644494561292{margin-bottom: 30px !important;}&#8221;]<\/p>\n<h3 style=\"text-align: center;\">Mini implants<\/h3>\n<p>[\/vc_column_text][vc_column_text el_class=&#8221;negre&#8221;]<\/p>\n<p style=\"text-align: left;\">IB Dental tamb\u00e9 \u00e9s un referent al camp de l&#8217;odontogeriatria, amb una soluci\u00f3 implantol\u00f2gica als problemes de subjecci\u00f3 i masticatoris de les pr\u00f2tesis dentals removibles: els mini-implants.<\/p>\n<p>[\/vc_column_text][\/vc_column_inner][\/vc_row_inner][vc_row_inner][vc_column_inner width=&#8221;1\/2&#8243;][vc_column_text el_class=&#8221;negre&#8221;]<\/p>\n<p style=\"text-align: left;\">El proc\u00e9s de col\u00b7locaci\u00f3 \u00e9s molt senzill. Es fa una radiografia panor\u00e0mica i, una vegada escanejada la boca, es passa la imatge a un programa inform\u00e0tic que calcula les mides i la ubicaci\u00f3 exacta dels implants. S\u00f3n m\u00ednimament invasius, ja que mitjan\u00e7ant un petit orifici als us es realitza la col\u00b7locaci\u00f3 de l&#8217;implant; no cal fer una cirurgia oberta convencional i aix\u00ed evitem posar punts de sutura i les mol\u00e8sties postoperat\u00f2ries. A m\u00e9s, aquesta t\u00e8cnica permet la subjecci\u00f3 de la pr\u00f2tesi el mateix dia, al mateix acte quir\u00fargic queda col\u00b7locada.<\/p>\n<p>[\/vc_column_text][\/vc_column_inner][vc_column_inner width=&#8221;1\/2&#8243;][vc_column_text el_class=&#8221;negre&#8221;]<\/p>\n<p style=\"text-align: left;\">Aquests implants s\u00f3n indicats per a gent gran amb pr\u00f2tesi removible que no puguin optar a pr\u00f2tesi fixa, ja que amb la col\u00b7locaci\u00f3 de quatre implants s&#8217;aconsegueix una bona retenci\u00f3 a un preu ajustat. En la major part dels casos es pot aprofitar la pr\u00f2tesi dental del pacient, fet que tamb\u00e9 contribueix a un important estalvi econ\u00f2mic. El sistema de fixaci\u00f3 \u00e9s tipus xec; l&#8217;implant encaixa en unes \u201ctapetes\u201d que es posen a la pr\u00f2tesi aconseguint una fixaci\u00f3 mec\u00e0nica que evita el bellugament. Els mini-implants odontogeri\u00e0trics s\u00f3n c\u00f2modes, pr\u00e0ctics, econ\u00f2mics i de f\u00e0cil col\u00b7locaci\u00f3.<\/p>\n<p>[\/vc_column_text][\/vc_column_inner][\/vc_row_inner][\/vc_column][\/vc_row]<\/p>\n<\/div>","protected":false},"excerpt":{"rendered":"<p>[vc_row full_width=&#8221;stretch_row&#8221; content_placement=&#8221;middle&#8221; css_animation=&#8221;none&#8221; el_class=&#8221;laclinica&#8221; css=&#8221;.vc_custom_1644495023998{padding-top: 4vw !important;padding-bottom: 4vw !important;background-color: #ffffff !important;}&#8221;][vc_column][vc_row_inner content_placement=&#8221;top&#8221; css=&#8221;.vc_custom_1644494371713{padding-bottom: 4vw !important;}&#8221;][vc_column_inner width=&#8221;1\/3&#8243;][\/vc_column_inner][vc_column_inner width=&#8221;1\/3&#8243;][vc_column_text css=&#8221;.vc_custom_1668003031929{margin-bottom: 2vw !important;}&#8221;] IMPLANTS DENTALS [\/vc_column_text][vc_separator color=&#8221;black&#8221;][\/vc_column_inner][vc_column_inner width=&#8221;1\/3&#8243;][\/vc_column_inner][\/vc_row_inner][vc_row_inner content_placement=&#8221;top&#8221;][vc_column_inner][vc_column_text css=&#8221;.vc_custom_1668003065568{margin-bottom: 2vw !important;}&#8221;] Implants Dental i dents fixes en un sol dia [\/vc_column_text][vc_column_text el_class=&#8221;negre&#8221;]Un implant dental \u00e9s un pern met\u00e0l\u00b7lic que reempla\u00e7a la part de l&#8217;arrel d&#8217;un dient&hellip;<\/p>\n","protected":false},"author":1,"featured_media":0,"parent":0,"menu_order":0,"comment_status":"closed","ping_status":"closed","template":"","meta":{"_acf_changed":false,"_monsterinsights_skip_tracking":false,"_monsterinsights_sitenote_active":false,"_monsterinsights_sitenote_note":"","_monsterinsights_sitenote_category":0,"footnotes":""},"class_list":["post-192","page","type-page","status-publish","hentry"],"acf":[],"yoast_head":"<!-- This site is optimized with the Yoast SEO plugin v26.7 - https:\/\/yoast.com\/wordpress\/plugins\/seo\/ -->\n<title>Implants Dentals a Tarragona - IB Cl\u00ednica Dental Tarragona<\/title>\n<meta name=\"description\" content=\"Som experts en implants dentals a Tarragona, recupera el teu somriure a mans d&#039;experts en Implantologia dental. Truca&#039;ns i t&#039;informarem.\" \/>\n<meta name=\"robots\" content=\"index, follow, max-snippet:-1, max-image-preview:large, max-video-preview:-1\" \/>\n<link rel=\"canonical\" href=\"https:\/\/ibclinicadental.com\/ca\/implants-dentals\" \/>\n<meta property=\"og:locale\" content=\"ca_ES\" \/>\n<meta property=\"og:type\" content=\"article\" \/>\n<meta property=\"og:title\" content=\"Implants Dentals a Tarragona - IB Cl\u00ednica Dental Tarragona\" \/>\n<meta property=\"og:description\" content=\"Som experts en implants dentals a Tarragona, recupera el teu somriure a mans d&#039;experts en Implantologia dental. Truca&#039;ns i t&#039;informarem.\" \/>\n<meta property=\"og:url\" content=\"https:\/\/ibclinicadental.com\/ca\/implants-dentals\" \/>\n<meta property=\"og:site_name\" content=\"IB Clinica Dental\" \/>\n<meta property=\"article:modified_time\" content=\"2025-03-05T18:45:36+00:00\" \/>\n<meta name=\"twitter:card\" content=\"summary_large_image\" \/>\n<meta name=\"twitter:label1\" content=\"Temps estimat de lectura\" \/>\n\t<meta name=\"twitter:data1\" content=\"4 minuts\" \/>\n<script type=\"application\/ld+json\" class=\"yoast-schema-graph\">{\"@context\":\"https:\/\/schema.org\",\"@graph\":[{\"@type\":\"WebPage\",\"@id\":\"https:\/\/ibclinicadental.com\/ca\/implants-dentals\",\"url\":\"https:\/\/ibclinicadental.com\/ca\/implants-dentals\",\"name\":\"Implants Dentals a Tarragona - IB Cl\u00ednica Dental Tarragona\",\"isPartOf\":{\"@id\":\"https:\/\/ibclinicadental.com\/ca#website\"},\"datePublished\":\"2022-02-09T09:44:48+00:00\",\"dateModified\":\"2025-03-05T18:45:36+00:00\",\"description\":\"Som experts en implants dentals a Tarragona, recupera el teu somriure a mans d'experts en Implantologia dental. Truca'ns i t'informarem.\",\"breadcrumb\":{\"@id\":\"https:\/\/ibclinicadental.com\/ca\/implants-dentals#breadcrumb\"},\"inLanguage\":\"ca\",\"potentialAction\":[{\"@type\":\"ReadAction\",\"target\":[\"https:\/\/ibclinicadental.com\/ca\/implants-dentals\"]}]},{\"@type\":\"BreadcrumbList\",\"@id\":\"https:\/\/ibclinicadental.com\/ca\/implants-dentals#breadcrumb\",\"itemListElement\":[{\"@type\":\"ListItem\",\"position\":1,\"name\":\"Portada\",\"item\":\"https:\/\/ibclinicadental.com\/ca\"},{\"@type\":\"ListItem\",\"position\":2,\"name\":\"Implants\"}]},{\"@type\":\"WebSite\",\"@id\":\"https:\/\/ibclinicadental.com\/ca#website\",\"url\":\"https:\/\/ibclinicadental.com\/ca\",\"name\":\"IB Clinica Dental\",\"description\":\"Clinica Dental en Tarragona. Excelencia en Odontolog\u00eda\",\"potentialAction\":[{\"@type\":\"SearchAction\",\"target\":{\"@type\":\"EntryPoint\",\"urlTemplate\":\"https:\/\/ibclinicadental.com\/ca?s={search_term_string}\"},\"query-input\":{\"@type\":\"PropertyValueSpecification\",\"valueRequired\":true,\"valueName\":\"search_term_string\"}}],\"inLanguage\":\"ca\"}]}<\/script>\n<!-- \/ Yoast SEO plugin. -->","yoast_head_json":{"title":"Implants Dentals a Tarragona - IB Cl\u00ednica Dental Tarragona","description":"Som experts en implants dentals a Tarragona, recupera el teu somriure a mans d'experts en Implantologia dental. Truca'ns i t'informarem.","robots":{"index":"index","follow":"follow","max-snippet":"max-snippet:-1","max-image-preview":"max-image-preview:large","max-video-preview":"max-video-preview:-1"},"canonical":"https:\/\/ibclinicadental.com\/ca\/implants-dentals","og_locale":"ca_ES","og_type":"article","og_title":"Implants Dentals a Tarragona - IB Cl\u00ednica Dental Tarragona","og_description":"Som experts en implants dentals a Tarragona, recupera el teu somriure a mans d'experts en Implantologia dental. Truca'ns i t'informarem.","og_url":"https:\/\/ibclinicadental.com\/ca\/implants-dentals","og_site_name":"IB Clinica Dental","article_modified_time":"2025-03-05T18:45:36+00:00","twitter_card":"summary_large_image","twitter_misc":{"Temps estimat de lectura":"4 minuts"},"schema":{"@context":"https:\/\/schema.org","@graph":[{"@type":"WebPage","@id":"https:\/\/ibclinicadental.com\/ca\/implants-dentals","url":"https:\/\/ibclinicadental.com\/ca\/implants-dentals","name":"Implants Dentals a Tarragona - IB Cl\u00ednica Dental Tarragona","isPartOf":{"@id":"https:\/\/ibclinicadental.com\/ca#website"},"datePublished":"2022-02-09T09:44:48+00:00","dateModified":"2025-03-05T18:45:36+00:00","description":"Som experts en implants dentals a Tarragona, recupera el teu somriure a mans d'experts en Implantologia dental. Truca'ns i t'informarem.","breadcrumb":{"@id":"https:\/\/ibclinicadental.com\/ca\/implants-dentals#breadcrumb"},"inLanguage":"ca","potentialAction":[{"@type":"ReadAction","target":["https:\/\/ibclinicadental.com\/ca\/implants-dentals"]}]},{"@type":"BreadcrumbList","@id":"https:\/\/ibclinicadental.com\/ca\/implants-dentals#breadcrumb","itemListElement":[{"@type":"ListItem","position":1,"name":"Portada","item":"https:\/\/ibclinicadental.com\/ca"},{"@type":"ListItem","position":2,"name":"Implants"}]},{"@type":"WebSite","@id":"https:\/\/ibclinicadental.com\/ca#website","url":"https:\/\/ibclinicadental.com\/ca","name":"IB Clinica Dental","description":"Clinica Dental en Tarragona. Excelencia en Odontolog\u00eda","potentialAction":[{"@type":"SearchAction","target":{"@type":"EntryPoint","urlTemplate":"https:\/\/ibclinicadental.com\/ca?s={search_term_string}"},"query-input":{"@type":"PropertyValueSpecification","valueRequired":true,"valueName":"search_term_string"}}],"inLanguage":"ca"}]}},"_links":{"self":[{"href":"https:\/\/ibclinicadental.com\/ca\/wp-json\/wp\/v2\/pages\/192","targetHints":{"allow":["GET"]}}],"collection":[{"href":"https:\/\/ibclinicadental.com\/ca\/wp-json\/wp\/v2\/pages"}],"about":[{"href":"https:\/\/ibclinicadental.com\/ca\/wp-json\/wp\/v2\/types\/page"}],"author":[{"embeddable":true,"href":"https:\/\/ibclinicadental.com\/ca\/wp-json\/wp\/v2\/users\/1"}],"replies":[{"embeddable":true,"href":"https:\/\/ibclinicadental.com\/ca\/wp-json\/wp\/v2\/comments?post=192"}],"version-history":[{"count":53,"href":"https:\/\/ibclinicadental.com\/ca\/wp-json\/wp\/v2\/pages\/192\/revisions"}],"predecessor-version":[{"id":1874,"href":"https:\/\/ibclinicadental.com\/ca\/wp-json\/wp\/v2\/pages\/192\/revisions\/1874"}],"wp:attachment":[{"href":"https:\/\/ibclinicadental.com\/ca\/wp-json\/wp\/v2\/media?parent=192"}],"curies":[{"name":"wp","href":"https:\/\/api.w.org\/{rel}","templated":true}]}}