{"id":244,"date":"2022-02-09T10:50:38","date_gmt":"2022-02-09T10:50:38","guid":{"rendered":"https:\/\/ibclinicadental.com\/implants-2"},"modified":"2025-03-05T18:45:36","modified_gmt":"2025-03-05T18:45:36","slug":"estetica-dental","status":"publish","type":"page","link":"https:\/\/ibclinicadental.com\/ca\/estetica-dental","title":{"rendered":"Est\u00e8tica Dental"},"content":{"rendered":"<div class=\"wpb-content-wrapper\"><p>[vc_row content_placement=&#8221;middle&#8221; css_animation=&#8221;none&#8221; el_class=&#8221;primeraseccio&#8221; css=&#8221;.vc_custom_1618853462342{padding-top: 60px !important;padding-bottom: 2vw !important;}&#8221;][vc_column width=&#8221;1\/3&#8243; css=&#8221;.vc_custom_1616086247685{padding-right: 2vw !important;}&#8221;][\/vc_column][vc_column width=&#8221;1\/3&#8243;][vc_column_text css=&#8221;.vc_custom_1667551280123{margin-bottom: 2vw !important;}&#8221;]<\/p>\n<h1 style=\"text-align: center; letter-spacing: 3px;\">EST\u00c8TICA DENTAL<\/h1>\n<p>[\/vc_column_text][vc_separator color=&#8221;black&#8221;][\/vc_column][vc_column width=&#8221;1\/3&#8243;][\/vc_column][\/vc_row][vc_row content_placement=&#8221;middle&#8221; css_animation=&#8221;none&#8221; el_class=&#8221;laclinica&#8221; css=&#8221;.vc_custom_1644237795884{padding-bottom: 4vw !important;}&#8221;][vc_column css=&#8221;.vc_custom_1616757811868{padding-right: 4vw !important;}&#8221;][vc_column_text css=&#8221;.vc_custom_1670942106299{margin-bottom: 2vw !important;}&#8221;]<\/p>\n<h2 style=\"text-align: center;\">Est\u00e8tica dental a Tarragona<\/h2>\n<p>[\/vc_column_text][vc_empty_space][vc_column_text el_class=&#8221;negre&#8221;]<\/p>\n<h4 style=\"text-align: left;\">Els beneficis de l&#8217;odontologia emocional<\/h4>\n<p>&nbsp;<\/p>\n<p style=\"text-align: left;\">A <span style=\"color: black;\">IB Cl\u00ednica Dental a Tarragona<\/span> som especialistes en solucions <a href=\"\/?page_id=244\"><span style=\"color: black;\">est\u00e8tiques dentals<\/span><\/a> perqu\u00e8 els nostres pacients recuperin el somriure i la seguretat personal. En els darrers anys s&#8217;ha pres m\u00e9s consci\u00e8ncia de la connexi\u00f3 directa entre un aspecte bucodental saludable i una s\u00e8rie de beneficis emocionals (acceptaci\u00f3 social, oportunitats laborals\u2026) que millorin el nostre benestar.<\/p>\n<p>[\/vc_column_text][\/vc_column][\/vc_row][vc_row content_placement=&#8221;middle&#8221; css_animation=&#8221;none&#8221; el_class=&#8221;laclinica&#8221; css=&#8221;.vc_custom_1617896988632{padding-bottom: 10vw !important;}&#8221;][vc_column width=&#8221;1\/2&#8243; css=&#8221;.vc_custom_1616757811868{padding-right: 4vw !important;}&#8221;][vc_single_image image=&#8221;551&#8243; img_size=&#8221;large&#8221; css_animation=&#8221;bottom-to-top&#8221; el_class=&#8221;homepage-image-intro&#8221;][\/vc_column][vc_column width=&#8221;1\/2&#8243; css=&#8221;.vc_custom_1616757822584{padding-left: 4vw !important;}&#8221;][vc_column_text css=&#8221;.vc_custom_1644404053147{margin-bottom: 2vw !important;}&#8221;]<\/p>\n<h3>Facets dentals (Carillas)<\/h3>\n<p>[\/vc_column_text][vc_column_text el_class=&#8221;negre&#8221;]Tenir uns dents irregulars o amb imperfeccions d&#8217;esmalt i color, distorsiona el nostre somriure. oferim una soluci\u00f3 est\u00e8tica d&#8217;alta qualitat mitjan\u00e7ant les facetes dentals (carilles). Es tracta d&#8217;uns laminats de porcelana o composite, fabricats a mida, que se superposen sobre els dents naturals, redibuixant i alineant els per\u00edmetres dentals de totes les peixos fins a encaixar en una dentadura perfecta en forma i color.[\/vc_column_text][\/vc_column][\/vc_row][vc_row content_placement=&#8221;middle&#8221; css_animation=&#8221;none&#8221; el_class=&#8221;laclinica&#8221; css=&#8221;.vc_custom_1617896988632{padding-bottom: 10vw !important;}&#8221;][vc_column width=&#8221;1\/2&#8243; css=&#8221;.vc_custom_1616757811868{padding-right: 4vw !important;}&#8221;][vc_column_text css=&#8221;.vc_custom_1644502961475{margin-bottom: 2vw !important;}&#8221;]<\/p>\n<h3>Disseny de somriures 3D Mock-up<\/h3>\n<p>[\/vc_column_text][vc_column_text el_class=&#8221;negre&#8221;]A IB Dental fem un pas endavant respecte de les simulacions per ordinador i oferim als nostres pacients Somriures 3D que es poden \u201cprovar\u201d. L&#8217;estudi de disseny de somriures permet una avaluaci\u00f3 acurada de la morfologia dental de cada pacient i la reproducci\u00f3 (mock-up) en silicona de la pr\u00f2tesi definitiva que dur\u00e0 el pacient. Aix\u00ed, es pot comprovar l&#8217;aspecte real de la nostra dentadura, sense simulacions ni \u201crealitats virtuals\u201d, una vegada acabat el tractament.[\/vc_column_text][\/vc_column][vc_column width=&#8221;1\/2&#8243; css=&#8221;.vc_custom_1616757822584{padding-left: 4vw !important;}&#8221;][vc_single_image image=&#8221;554&#8243; img_size=&#8221;large&#8221; css_animation=&#8221;bottom-to-top&#8221; el_class=&#8221;homepage-image-intro&#8221;][\/vc_column][\/vc_row]<\/p>\n<\/div>","protected":false},"excerpt":{"rendered":"<p>[vc_row content_placement=&#8221;middle&#8221; css_animation=&#8221;none&#8221; el_class=&#8221;primeraseccio&#8221; css=&#8221;.vc_custom_1618853462342{padding-top: 60px !important;padding-bottom: 2vw !important;}&#8221;][vc_column width=&#8221;1\/3&#8243; css=&#8221;.vc_custom_1616086247685{padding-right: 2vw !important;}&#8221;][\/vc_column][vc_column width=&#8221;1\/3&#8243;][vc_column_text css=&#8221;.vc_custom_1667551280123{margin-bottom: 2vw !important;}&#8221;] EST\u00c8TICA DENTAL [\/vc_column_text][vc_separator color=&#8221;black&#8221;][\/vc_column][vc_column width=&#8221;1\/3&#8243;][\/vc_column][\/vc_row][vc_row content_placement=&#8221;middle&#8221; css_animation=&#8221;none&#8221; el_class=&#8221;laclinica&#8221; css=&#8221;.vc_custom_1644237795884{padding-bottom: 4vw !important;}&#8221;][vc_column css=&#8221;.vc_custom_1616757811868{padding-right: 4vw !important;}&#8221;][vc_column_text css=&#8221;.vc_custom_1670942106299{margin-bottom: 2vw !important;}&#8221;] Est\u00e8tica dental a Tarragona [\/vc_column_text][vc_empty_space][vc_column_text el_class=&#8221;negre&#8221;] Els beneficis de l&#8217;odontologia emocional &nbsp; A IB Cl\u00ednica Dental a Tarragona som especialistes en&hellip;<\/p>\n","protected":false},"author":1,"featured_media":0,"parent":0,"menu_order":0,"comment_status":"closed","ping_status":"closed","template":"","meta":{"_acf_changed":false,"_monsterinsights_skip_tracking":false,"_monsterinsights_sitenote_active":false,"_monsterinsights_sitenote_note":"","_monsterinsights_sitenote_category":0,"footnotes":""},"class_list":["post-244","page","type-page","status-publish","hentry"],"acf":[],"yoast_head":"<!-- This site is optimized with the Yoast SEO plugin v26.7 - https:\/\/yoast.com\/wordpress\/plugins\/seo\/ -->\n<title>Est\u00e8tica Dental a Tarragona - Aconsegueix un somriure perfecte<\/title>\n<meta name=\"description\" content=\"Especialistes en est\u00e8tica dental a Tarragona. Oferim tractaments de m\u00e0xima qualitat, carilles dentals, blanquejament dels dents. Truca&#039;ns!\" \/>\n<meta name=\"robots\" content=\"index, follow, max-snippet:-1, max-image-preview:large, max-video-preview:-1\" \/>\n<link rel=\"canonical\" href=\"https:\/\/ibclinicadental.com\/ca\/estetica-dental\" \/>\n<meta property=\"og:locale\" content=\"ca_ES\" \/>\n<meta property=\"og:type\" content=\"article\" \/>\n<meta property=\"og:title\" content=\"Est\u00e8tica Dental a Tarragona - Aconsegueix un somriure perfecte\" \/>\n<meta property=\"og:description\" content=\"Especialistes en est\u00e8tica dental a Tarragona. Oferim tractaments de m\u00e0xima qualitat, carilles dentals, blanquejament dels dents. Truca&#039;ns!\" \/>\n<meta property=\"og:url\" content=\"https:\/\/ibclinicadental.com\/ca\/estetica-dental\" \/>\n<meta property=\"og:site_name\" content=\"IB Clinica Dental\" \/>\n<meta property=\"article:modified_time\" content=\"2025-03-05T18:45:36+00:00\" \/>\n<meta name=\"twitter:card\" content=\"summary_large_image\" \/>\n<meta name=\"twitter:label1\" content=\"Temps estimat de lectura\" \/>\n\t<meta name=\"twitter:data1\" content=\"2 minuts\" \/>\n<script type=\"application\/ld+json\" class=\"yoast-schema-graph\">{\"@context\":\"https:\/\/schema.org\",\"@graph\":[{\"@type\":\"WebPage\",\"@id\":\"https:\/\/ibclinicadental.com\/ca\/estetica-dental\",\"url\":\"https:\/\/ibclinicadental.com\/ca\/estetica-dental\",\"name\":\"Est\u00e8tica Dental a Tarragona - Aconsegueix un somriure perfecte\",\"isPartOf\":{\"@id\":\"https:\/\/ibclinicadental.com\/ca#website\"},\"datePublished\":\"2022-02-09T10:50:38+00:00\",\"dateModified\":\"2025-03-05T18:45:36+00:00\",\"description\":\"Especialistes en est\u00e8tica dental a Tarragona. Oferim tractaments de m\u00e0xima qualitat, carilles dentals, blanquejament dels dents. Truca'ns!\",\"breadcrumb\":{\"@id\":\"https:\/\/ibclinicadental.com\/ca\/estetica-dental#breadcrumb\"},\"inLanguage\":\"ca\",\"potentialAction\":[{\"@type\":\"ReadAction\",\"target\":[\"https:\/\/ibclinicadental.com\/ca\/estetica-dental\"]}]},{\"@type\":\"BreadcrumbList\",\"@id\":\"https:\/\/ibclinicadental.com\/ca\/estetica-dental#breadcrumb\",\"itemListElement\":[{\"@type\":\"ListItem\",\"position\":1,\"name\":\"Portada\",\"item\":\"https:\/\/ibclinicadental.com\/ca\"},{\"@type\":\"ListItem\",\"position\":2,\"name\":\"Est\u00e8tica Dental\"}]},{\"@type\":\"WebSite\",\"@id\":\"https:\/\/ibclinicadental.com\/ca#website\",\"url\":\"https:\/\/ibclinicadental.com\/ca\",\"name\":\"IB Clinica Dental\",\"description\":\"Clinica Dental en Tarragona. Excelencia en Odontolog\u00eda\",\"potentialAction\":[{\"@type\":\"SearchAction\",\"target\":{\"@type\":\"EntryPoint\",\"urlTemplate\":\"https:\/\/ibclinicadental.com\/ca?s={search_term_string}\"},\"query-input\":{\"@type\":\"PropertyValueSpecification\",\"valueRequired\":true,\"valueName\":\"search_term_string\"}}],\"inLanguage\":\"ca\"}]}<\/script>\n<!-- \/ Yoast SEO plugin. -->","yoast_head_json":{"title":"Est\u00e8tica Dental a Tarragona - Aconsegueix un somriure perfecte","description":"Especialistes en est\u00e8tica dental a Tarragona. Oferim tractaments de m\u00e0xima qualitat, carilles dentals, blanquejament dels dents. Truca'ns!","robots":{"index":"index","follow":"follow","max-snippet":"max-snippet:-1","max-image-preview":"max-image-preview:large","max-video-preview":"max-video-preview:-1"},"canonical":"https:\/\/ibclinicadental.com\/ca\/estetica-dental","og_locale":"ca_ES","og_type":"article","og_title":"Est\u00e8tica Dental a Tarragona - Aconsegueix un somriure perfecte","og_description":"Especialistes en est\u00e8tica dental a Tarragona. Oferim tractaments de m\u00e0xima qualitat, carilles dentals, blanquejament dels dents. Truca'ns!","og_url":"https:\/\/ibclinicadental.com\/ca\/estetica-dental","og_site_name":"IB Clinica Dental","article_modified_time":"2025-03-05T18:45:36+00:00","twitter_card":"summary_large_image","twitter_misc":{"Temps estimat de lectura":"2 minuts"},"schema":{"@context":"https:\/\/schema.org","@graph":[{"@type":"WebPage","@id":"https:\/\/ibclinicadental.com\/ca\/estetica-dental","url":"https:\/\/ibclinicadental.com\/ca\/estetica-dental","name":"Est\u00e8tica Dental a Tarragona - Aconsegueix un somriure perfecte","isPartOf":{"@id":"https:\/\/ibclinicadental.com\/ca#website"},"datePublished":"2022-02-09T10:50:38+00:00","dateModified":"2025-03-05T18:45:36+00:00","description":"Especialistes en est\u00e8tica dental a Tarragona. Oferim tractaments de m\u00e0xima qualitat, carilles dentals, blanquejament dels dents. Truca'ns!","breadcrumb":{"@id":"https:\/\/ibclinicadental.com\/ca\/estetica-dental#breadcrumb"},"inLanguage":"ca","potentialAction":[{"@type":"ReadAction","target":["https:\/\/ibclinicadental.com\/ca\/estetica-dental"]}]},{"@type":"BreadcrumbList","@id":"https:\/\/ibclinicadental.com\/ca\/estetica-dental#breadcrumb","itemListElement":[{"@type":"ListItem","position":1,"name":"Portada","item":"https:\/\/ibclinicadental.com\/ca"},{"@type":"ListItem","position":2,"name":"Est\u00e8tica Dental"}]},{"@type":"WebSite","@id":"https:\/\/ibclinicadental.com\/ca#website","url":"https:\/\/ibclinicadental.com\/ca","name":"IB Clinica Dental","description":"Clinica Dental en Tarragona. Excelencia en Odontolog\u00eda","potentialAction":[{"@type":"SearchAction","target":{"@type":"EntryPoint","urlTemplate":"https:\/\/ibclinicadental.com\/ca?s={search_term_string}"},"query-input":{"@type":"PropertyValueSpecification","valueRequired":true,"valueName":"search_term_string"}}],"inLanguage":"ca"}]}},"_links":{"self":[{"href":"https:\/\/ibclinicadental.com\/ca\/wp-json\/wp\/v2\/pages\/244","targetHints":{"allow":["GET"]}}],"collection":[{"href":"https:\/\/ibclinicadental.com\/ca\/wp-json\/wp\/v2\/pages"}],"about":[{"href":"https:\/\/ibclinicadental.com\/ca\/wp-json\/wp\/v2\/types\/page"}],"author":[{"embeddable":true,"href":"https:\/\/ibclinicadental.com\/ca\/wp-json\/wp\/v2\/users\/1"}],"replies":[{"embeddable":true,"href":"https:\/\/ibclinicadental.com\/ca\/wp-json\/wp\/v2\/comments?post=244"}],"version-history":[{"count":26,"href":"https:\/\/ibclinicadental.com\/ca\/wp-json\/wp\/v2\/pages\/244\/revisions"}],"predecessor-version":[{"id":1873,"href":"https:\/\/ibclinicadental.com\/ca\/wp-json\/wp\/v2\/pages\/244\/revisions\/1873"}],"wp:attachment":[{"href":"https:\/\/ibclinicadental.com\/ca\/wp-json\/wp\/v2\/media?parent=244"}],"curies":[{"name":"wp","href":"https:\/\/api.w.org\/{rel}","templated":true}]}}