{"id":494,"date":"2022-02-10T15:54:58","date_gmt":"2022-02-10T15:54:58","guid":{"rendered":"https:\/\/ibclinicadental.com\/equip-2"},"modified":"2023-07-14T15:19:20","modified_gmt":"2023-07-14T15:19:20","slug":"contacte","status":"publish","type":"page","link":"https:\/\/ibclinicadental.com\/ca\/contacte","title":{"rendered":"Contacte"},"content":{"rendered":"<div class=\"wpb-content-wrapper\"><p>[vc_row full_width=&#8221;stretch_row&#8221; content_placement=&#8221;middle&#8221; css_animation=&#8221;none&#8221; el_class=&#8221;laclinica&#8221; css=&#8221;.vc_custom_1616760893605{padding-top: 5vw !important;padding-bottom: 4vw !important;background-color: #00b9b4 !important;}&#8221;][vc_column width=&#8221;1\/3&#8243; css=&#8221;.vc_custom_1616086247685{padding-right: 2vw !important;}&#8221;][\/vc_column][vc_column width=&#8221;1\/3&#8243;][vc_column_text css=&#8221;.vc_custom_1670941573549{margin-bottom: 2vw !important;}&#8221;]<\/p>\n<h1 style=\"text-align: center; letter-spacing: 3px; color: white;\">CONTACTA&#8217;NS<\/h1>\n<p>[\/vc_column_text][vc_separator color=&#8221;white&#8221;][\/vc_column][vc_column width=&#8221;1\/3&#8243;][\/vc_column][\/vc_row][vc_row full_width=&#8221;stretch_row&#8221; content_placement=&#8221;middle&#8221; css_animation=&#8221;none&#8221; el_class=&#8221;laclinica&#8221; css=&#8221;.vc_custom_1619709236599{padding-bottom: 15vw !important;background-color: #00b9b4 !important;}&#8221;][vc_column width=&#8221;1\/2&#8243; offset=&#8221;vc_col-xs-12&#8243;][vc_row_inner css=&#8221;.vc_custom_1644504588399{margin-right: 1vw !important;margin-left: 1vw !important;}&#8221;][vc_column_inner css=&#8221;.vc_custom_1644504517434{background-color: #ffffff !important;}&#8221;][lab_contact_form name_title=&#8221;Nom&#8221; email_title=&#8221;Mail&#8221; message_title=&#8221;Comentari&#8221; show_subject_field=&#8221;yes&#8221; subject_title=&#8221;Motiu&#8221; submit_title=&#8221;Enviar&#8221; submit_success=&#8221;Gr\u00e0cies #, missatge enviat!&#8221; alert_errors=&#8221;yes&#8221; subject_field_as_email_subject=&#8221;yes&#8221; enable_recaptcha=&#8221;yes&#8221; privacy_policy_text=&#8221;He llegit i accepto la Pol\u00edtica de Privadesa&#8221; el_class=&#8221;formulari&#8221; email_receiver=&#8221;slowdentistry.slp@gmail.com&#8221;][\/vc_column_inner][\/vc_row_inner][\/vc_column][vc_column width=&#8221;1\/2&#8243; css=&#8221;.vc_custom_1616757822584{padding-left: 4vw !important;}&#8221;][vc_column_text css=&#8221;.vc_custom_1670941594343{margin-bottom: 2vw !important;}&#8221;]<\/p>\n<h2 style=\"color: white;\">Vine a fer la teva primera visita<\/h2>\n<p>[\/vc_column_text][vc_column_text el_class=&#8221;negre&#8221;]<span style=\"color: #ffffff;\">Contacta amb la nostra Cl\u00ednica Dental a Tarragona. Si est\u00e0s buscant un servei dental professional i de qualitat, ets al lloc correcte. Els nostres dentistes altament capacitats i tot el nostre equip estan compromesos a oferir una experi\u00e8ncia dental agradable i efectiva.<\/span><\/p>\n<p><span style=\"color: #ffffff;\">Si voleu fer-nos una consulta, sol\u00b7licitar una cita o simplement rebre m\u00e9s informaci\u00f3 sobre els nostres serveis, si us plau completeu el formulari de contacte a continuaci\u00f3. Un membre del nostre equip es posar\u00e0 en contacte amb vost\u00e8 el m\u00e9s aviat possible.<\/span><\/p>\n<p style=\"color: white;\">Omple el formulari i contacta&#8217;ns. Podr\u00e0s demanar cita pr\u00e8via amb nosaltres. No dubtis a preguntar-nos qu\u00e8 vulguis. Aqu\u00ed et sentir\u00e0s b\u00e9!<\/p>\n<p>[\/vc_column_text][vc_column_text css=&#8221;.vc_custom_1683743649001{margin-bottom: 2vw !important;}&#8221;]<\/p>\n<h2 style=\"color: white;\">Horari:<br \/>\nDilluns: 9:30-14 i de 15-20h<br \/>\nDimarts i dimecres: 9:30-13:30 i de 15-20h<br \/>\nDijous: 9:30-13:30 i de 15-19h<br \/>\nDivendres: 9:30-15<\/h2>\n<p>[\/vc_column_text][\/vc_column][vc_column][\/vc_column][\/vc_row][vc_row full_width=&#8221;stretch_row_content_no_spaces&#8221; content_placement=&#8221;middle&#8221; css=&#8221;.vc_custom_1618591568345{margin-bottom: -42px !important;}&#8221;][vc_column][vc_raw_html el_class=&#8221;blackmap&#8221;]IDxkaXYgY2xhc3M9Im1hcG91dGVyIj48ZGl2IGNsYXNzPSJnbWFwX2NhbnZhcyI+PGlmcmFtZSB3aWR0aD0iMTAwJSIgaGVpZ2h0PSI3MDAiIGlkPSJnbWFwX2NhbnZhcyIgc3JjPSJodHRwczovL21hcHMuZ29vZ2xlLmNvbS9tYXBzP3E9Q2FycmVyJTIwTW9zcyVDMyVBOG4lMjBTYWx2YWRvciUyMFJpdG9ydCUyMGklMjBGYXVzLCUyMDI1QiwlMjA0MzAwMiUyMFRhcnJhZ29uYSZhbXA7dD0mYW1wO3o9MTcmYW1wO2llPVVURjgmYW1wO2l3bG9jPSZhbXA7b3V0cHV0PWVtYmVkIiBmcmFtZWJvcmRlcj0iMCIgc2Nyb2xsaW5nPSJubyIgbWFyZ2luaGVpZ2h0PSIwIiBtYXJnaW53aWR0aD0iMCI+PC9pZnJhbWU+PHN0eWxlPi5tYXBvdXRlcntwb3NpdGlvbjpyZWxhdGl2ZTt0ZXh0LWFsaWduOnJpZ2h0O2hlaWdodDo3MDA7d2lkdGg6MTAwJTt9PC9zdHlsZT48c3R5bGU+LmdtYXBfY2FudmFzIHtvdmVyZmxvdzpoaWRkZW47YmFja2dyb3VuZDpub25lIWltcG9ydGFudDtoZWlnaHQ6NzAwO3dpZHRoOjEwMCU7fTwvc3R5bGU+PC9kaXY+PC9kaXY+Cg==[\/vc_raw_html][\/vc_column][\/vc_row]<\/p>\n<\/div>","protected":false},"excerpt":{"rendered":"<p>[vc_row full_width=&#8221;stretch_row&#8221; content_placement=&#8221;middle&#8221; css_animation=&#8221;none&#8221; el_class=&#8221;laclinica&#8221; css=&#8221;.vc_custom_1616760893605{padding-top: 5vw !important;padding-bottom: 4vw !important;background-color: #00b9b4 !important;}&#8221;][vc_column width=&#8221;1\/3&#8243; css=&#8221;.vc_custom_1616086247685{padding-right: 2vw !important;}&#8221;][\/vc_column][vc_column width=&#8221;1\/3&#8243;][vc_column_text css=&#8221;.vc_custom_1670941573549{margin-bottom: 2vw !important;}&#8221;] CONTACTA&#8217;NS [\/vc_column_text][vc_separator color=&#8221;white&#8221;][\/vc_column][vc_column width=&#8221;1\/3&#8243;][\/vc_column][\/vc_row][vc_row full_width=&#8221;stretch_row&#8221; content_placement=&#8221;middle&#8221; css_animation=&#8221;none&#8221; el_class=&#8221;laclinica&#8221; css=&#8221;.vc_custom_1619709236599{padding-bottom: 15vw !important;background-color: #00b9b4 !important;}&#8221;][vc_column width=&#8221;1\/2&#8243; offset=&#8221;vc_col-xs-12&#8243;][vc_row_inner css=&#8221;.vc_custom_1644504588399{margin-right: 1vw !important;margin-left: 1vw !important;}&#8221;][vc_column_inner css=&#8221;.vc_custom_1644504517434{background-color: #ffffff !important;}&#8221;][lab_contact_form name_title=&#8221;Nom&#8221; email_title=&#8221;Mail&#8221; message_title=&#8221;Comentari&#8221; show_subject_field=&#8221;yes&#8221; subject_title=&#8221;Motiu&#8221; submit_title=&#8221;Enviar&#8221; submit_success=&#8221;Gr\u00e0cies #, missatge enviat!&#8221; alert_errors=&#8221;yes&#8221; subject_field_as_email_subject=&#8221;yes&#8221;&hellip;<\/p>\n","protected":false},"author":1,"featured_media":0,"parent":0,"menu_order":0,"comment_status":"closed","ping_status":"closed","template":"","meta":{"_acf_changed":false,"_monsterinsights_skip_tracking":false,"_monsterinsights_sitenote_active":false,"_monsterinsights_sitenote_note":"","_monsterinsights_sitenote_category":0,"footnotes":""},"class_list":["post-494","page","type-page","status-publish","hentry"],"acf":[],"yoast_head":"<!-- This site is optimized with the Yoast SEO plugin v26.7 - https:\/\/yoast.com\/wordpress\/plugins\/seo\/ -->\n<title>Contacte - IB Cl\u00ednica Dental a Tarragona - Odontologia Planificada<\/title>\n<meta name=\"description\" content=\"Contacta amb IB Cl\u00ednica Dental Tarragona i soluciona els teus problemes bucodentals, som la teva Cl\u00ednica Dental a Tarragona - Truca&#039;ns ara!\" \/>\n<meta name=\"robots\" content=\"index, follow, max-snippet:-1, max-image-preview:large, max-video-preview:-1\" \/>\n<link rel=\"canonical\" href=\"https:\/\/ibclinicadental.com\/ca\/contacte\" \/>\n<meta property=\"og:locale\" content=\"ca_ES\" \/>\n<meta property=\"og:type\" content=\"article\" \/>\n<meta property=\"og:title\" content=\"Contacte - IB Cl\u00ednica Dental a Tarragona - Odontologia Planificada\" \/>\n<meta property=\"og:description\" content=\"Contacta amb IB Cl\u00ednica Dental Tarragona i soluciona els teus problemes bucodentals, som la teva Cl\u00ednica Dental a Tarragona - Truca&#039;ns ara!\" \/>\n<meta property=\"og:url\" content=\"https:\/\/ibclinicadental.com\/ca\/contacte\" \/>\n<meta property=\"og:site_name\" content=\"IB Clinica Dental\" \/>\n<meta property=\"article:modified_time\" content=\"2023-07-14T15:19:20+00:00\" \/>\n<meta name=\"twitter:card\" content=\"summary_large_image\" \/>\n<meta name=\"twitter:label1\" content=\"Temps estimat de lectura\" \/>\n\t<meta name=\"twitter:data1\" content=\"1 minut\" \/>\n<script type=\"application\/ld+json\" class=\"yoast-schema-graph\">{\"@context\":\"https:\/\/schema.org\",\"@graph\":[{\"@type\":\"WebPage\",\"@id\":\"https:\/\/ibclinicadental.com\/ca\/contacte\",\"url\":\"https:\/\/ibclinicadental.com\/ca\/contacte\",\"name\":\"Contacte - IB Cl\u00ednica Dental a Tarragona - Odontologia Planificada\",\"isPartOf\":{\"@id\":\"https:\/\/ibclinicadental.com\/ca#website\"},\"datePublished\":\"2022-02-10T15:54:58+00:00\",\"dateModified\":\"2023-07-14T15:19:20+00:00\",\"description\":\"Contacta amb IB Cl\u00ednica Dental Tarragona i soluciona els teus problemes bucodentals, som la teva Cl\u00ednica Dental a Tarragona - Truca'ns ara!\",\"breadcrumb\":{\"@id\":\"https:\/\/ibclinicadental.com\/ca\/contacte#breadcrumb\"},\"inLanguage\":\"ca\",\"potentialAction\":[{\"@type\":\"ReadAction\",\"target\":[\"https:\/\/ibclinicadental.com\/ca\/contacte\"]}]},{\"@type\":\"BreadcrumbList\",\"@id\":\"https:\/\/ibclinicadental.com\/ca\/contacte#breadcrumb\",\"itemListElement\":[{\"@type\":\"ListItem\",\"position\":1,\"name\":\"Portada\",\"item\":\"https:\/\/ibclinicadental.com\/ca\"},{\"@type\":\"ListItem\",\"position\":2,\"name\":\"Contacte\"}]},{\"@type\":\"WebSite\",\"@id\":\"https:\/\/ibclinicadental.com\/ca#website\",\"url\":\"https:\/\/ibclinicadental.com\/ca\",\"name\":\"IB Clinica Dental\",\"description\":\"Clinica Dental en Tarragona. Excelencia en Odontolog\u00eda\",\"potentialAction\":[{\"@type\":\"SearchAction\",\"target\":{\"@type\":\"EntryPoint\",\"urlTemplate\":\"https:\/\/ibclinicadental.com\/ca?s={search_term_string}\"},\"query-input\":{\"@type\":\"PropertyValueSpecification\",\"valueRequired\":true,\"valueName\":\"search_term_string\"}}],\"inLanguage\":\"ca\"}]}<\/script>\n<!-- \/ Yoast SEO plugin. -->","yoast_head_json":{"title":"Contacte - IB Cl\u00ednica Dental a Tarragona - Odontologia Planificada","description":"Contacta amb IB Cl\u00ednica Dental Tarragona i soluciona els teus problemes bucodentals, som la teva Cl\u00ednica Dental a Tarragona - Truca'ns ara!","robots":{"index":"index","follow":"follow","max-snippet":"max-snippet:-1","max-image-preview":"max-image-preview:large","max-video-preview":"max-video-preview:-1"},"canonical":"https:\/\/ibclinicadental.com\/ca\/contacte","og_locale":"ca_ES","og_type":"article","og_title":"Contacte - IB Cl\u00ednica Dental a Tarragona - Odontologia Planificada","og_description":"Contacta amb IB Cl\u00ednica Dental Tarragona i soluciona els teus problemes bucodentals, som la teva Cl\u00ednica Dental a Tarragona - Truca'ns ara!","og_url":"https:\/\/ibclinicadental.com\/ca\/contacte","og_site_name":"IB Clinica Dental","article_modified_time":"2023-07-14T15:19:20+00:00","twitter_card":"summary_large_image","twitter_misc":{"Temps estimat de lectura":"1 minut"},"schema":{"@context":"https:\/\/schema.org","@graph":[{"@type":"WebPage","@id":"https:\/\/ibclinicadental.com\/ca\/contacte","url":"https:\/\/ibclinicadental.com\/ca\/contacte","name":"Contacte - IB Cl\u00ednica Dental a Tarragona - Odontologia Planificada","isPartOf":{"@id":"https:\/\/ibclinicadental.com\/ca#website"},"datePublished":"2022-02-10T15:54:58+00:00","dateModified":"2023-07-14T15:19:20+00:00","description":"Contacta amb IB Cl\u00ednica Dental Tarragona i soluciona els teus problemes bucodentals, som la teva Cl\u00ednica Dental a Tarragona - Truca'ns ara!","breadcrumb":{"@id":"https:\/\/ibclinicadental.com\/ca\/contacte#breadcrumb"},"inLanguage":"ca","potentialAction":[{"@type":"ReadAction","target":["https:\/\/ibclinicadental.com\/ca\/contacte"]}]},{"@type":"BreadcrumbList","@id":"https:\/\/ibclinicadental.com\/ca\/contacte#breadcrumb","itemListElement":[{"@type":"ListItem","position":1,"name":"Portada","item":"https:\/\/ibclinicadental.com\/ca"},{"@type":"ListItem","position":2,"name":"Contacte"}]},{"@type":"WebSite","@id":"https:\/\/ibclinicadental.com\/ca#website","url":"https:\/\/ibclinicadental.com\/ca","name":"IB Clinica Dental","description":"Clinica Dental en Tarragona. Excelencia en Odontolog\u00eda","potentialAction":[{"@type":"SearchAction","target":{"@type":"EntryPoint","urlTemplate":"https:\/\/ibclinicadental.com\/ca?s={search_term_string}"},"query-input":{"@type":"PropertyValueSpecification","valueRequired":true,"valueName":"search_term_string"}}],"inLanguage":"ca"}]}},"_links":{"self":[{"href":"https:\/\/ibclinicadental.com\/ca\/wp-json\/wp\/v2\/pages\/494","targetHints":{"allow":["GET"]}}],"collection":[{"href":"https:\/\/ibclinicadental.com\/ca\/wp-json\/wp\/v2\/pages"}],"about":[{"href":"https:\/\/ibclinicadental.com\/ca\/wp-json\/wp\/v2\/types\/page"}],"author":[{"embeddable":true,"href":"https:\/\/ibclinicadental.com\/ca\/wp-json\/wp\/v2\/users\/1"}],"replies":[{"embeddable":true,"href":"https:\/\/ibclinicadental.com\/ca\/wp-json\/wp\/v2\/comments?post=494"}],"version-history":[{"count":16,"href":"https:\/\/ibclinicadental.com\/ca\/wp-json\/wp\/v2\/pages\/494\/revisions"}],"predecessor-version":[{"id":1663,"href":"https:\/\/ibclinicadental.com\/ca\/wp-json\/wp\/v2\/pages\/494\/revisions\/1663"}],"wp:attachment":[{"href":"https:\/\/ibclinicadental.com\/ca\/wp-json\/wp\/v2\/media?parent=494"}],"curies":[{"name":"wp","href":"https:\/\/api.w.org\/{rel}","templated":true}]}}