{"id":508,"date":"2022-02-11T10:49:36","date_gmt":"2022-02-11T10:49:36","guid":{"rendered":"https:\/\/ibclinicadental.com\/ortodoncia-2"},"modified":"2025-03-31T10:05:54","modified_gmt":"2025-03-31T10:05:54","slug":"ferules-del-ronc","status":"publish","type":"page","link":"https:\/\/ibclinicadental.com\/ca\/ferules-del-ronc","title":{"rendered":"F\u00e8rules del ronc"},"content":{"rendered":"<div class=\"wpb-content-wrapper\"><p>[vc_row full_width=&#8221;stretch_row&#8221; content_placement=&#8221;middle&#8221; css_animation=&#8221;none&#8221; el_class=&#8221;laclinica&#8221; css=&#8221;.vc_custom_1644494633535{padding-top: 4vw !important;padding-bottom: 4vw !important;background-color: #ffffff !important;}&#8221;][vc_column][vc_row_inner content_placement=&#8221;top&#8221; css=&#8221;.vc_custom_1644494371713{padding-bottom: 4vw !important;}&#8221;][vc_column_inner width=&#8221;1\/3&#8243;][\/vc_column_inner][vc_column_inner width=&#8221;1\/3&#8243;][vc_column_text]<\/p>\n<h1 style=\"text-align: center; letter-spacing: 3px;\">F\u00c8RULES DEL RONC<\/h1>\n<p>[\/vc_column_text][vc_separator color=&#8221;black&#8221;][\/vc_column_inner][vc_column_inner width=&#8221;1\/3&#8243;][\/vc_column_inner][\/vc_row_inner][vc_row_inner content_placement=&#8221;top&#8221;][vc_column_inner][vc_column_text css=&#8221;.vc_custom_1670927804115{margin-bottom: 30px !important;}&#8221;]<\/p>\n<h2 style=\"text-align: center;\">Sabeu el que s\u00f3n les f\u00e8rules del ronc o f\u00e8rules d&#8217;avan\u00e7ament mandibular?<\/h2>\n<p>[\/vc_column_text][vc_column_text el_class=&#8221;negre&#8221;]<\/p>\n<p style=\"text-align: left;\">Les <a href=\"https:\/\/ibclinicadental.com\/ferulesronc\"><span style=\"color: #000000;\">f\u00e8rules del ronc<\/span><\/a> o dispositius d&#8217;avan\u00e7ament mandibular (DAM) redueixen els roncs i les apnees de la son lleus i moderades, contribuint a una son de qualitat i reparadora.<\/p>\n<p>[\/vc_column_text][\/vc_column_inner][\/vc_row_inner][\/vc_column][\/vc_row][vc_row content_placement=&#8221;middle&#8221; css_animation=&#8221;none&#8221; el_class=&#8221;laclinica&#8221; css=&#8221;.vc_custom_1644591720854{padding-top: 4vw !important;padding-bottom: 4vw !important;}&#8221;][vc_column width=&#8221;1\/2&#8243; css=&#8221;.vc_custom_1670927964804{padding-right: 4vw !important;}&#8221;][vc_single_image image=&#8221;516&#8243; img_size=&#8221;large&#8221; css_animation=&#8221;bottom-to-top&#8221; el_class=&#8221;homepage-image-intro&#8221;][\/vc_column][vc_column width=&#8221;1\/2&#8243; css=&#8221;.vc_custom_1644502770012{padding-left: 4vw !important;}&#8221;][vc_column_text el_class=&#8221;negre&#8221;]Es tracta d&#8217;una <span style=\"color: #000000;\"><a style=\"color: #000000;\" href=\"https:\/\/ibclinicadental.com\/ferulesronc\">f\u00e8rula<\/a><\/span> doble, maxil\u00b7lar i mandibular, que avan\u00e7a la mand\u00edbula uns mil\u00b7l\u00edmetres, aix\u00ed com la llengua i els teixits tous, aconseguint que la via a\u00e8ria sigui m\u00e9s \u00e0mplia i permeable i resolent el ronc i la s\u00edndrome d &#8216;apnea de la son lleu i moderada.[\/vc_column_text][\/vc_column][\/vc_row][vc_row full_width=&#8221;stretch_row&#8221; content_placement=&#8221;middle&#8221; css_animation=&#8221;none&#8221; el_class=&#8221;laclinica&#8221; css=&#8221;.vc_custom_1644494633535{padding-top: 4vw !important;padding-bottom: 4vw !important;background-color: #ffffff !important;}&#8221;][vc_column][vc_row_inner content_placement=&#8221;top&#8221; css=&#8221;.vc_custom_1644494371713{padding-bottom: 4vw !important;}&#8221;][vc_column_inner width=&#8221;1\/3&#8243;][\/vc_column_inner][vc_column_inner width=&#8221;1\/3&#8243;][vc_column_text]<\/p>\n<h5 style=\"text-align: center; letter-spacing: 3px;\">EL RONC<\/h5>\n<p>[\/vc_column_text][vc_separator color=&#8221;black&#8221;][\/vc_column_inner][vc_column_inner width=&#8221;1\/3&#8243;][\/vc_column_inner][\/vc_row_inner][\/vc_column][\/vc_row][vc_row content_placement=&#8221;middle&#8221; css_animation=&#8221;none&#8221; el_class=&#8221;laclinica&#8221; css=&#8221;.vc_custom_1644591696467{padding-top: 4vw !important;padding-bottom: 10vw !important;}&#8221;][vc_column width=&#8221;1\/2&#8243; css=&#8221;.vc_custom_1616757811868{padding-right: 4vw !important;}&#8221;][vc_single_image image=&#8221;524&#8243; img_size=&#8221;large&#8221; css_animation=&#8221;bottom-to-top&#8221; el_class=&#8221;homepage-image-intro&#8221;][\/vc_column][vc_column width=&#8221;1\/2&#8243; css=&#8221;.vc_custom_1644502770012{padding-left: 4vw !important;}&#8221;][vc_column_text el_class=&#8221;negre&#8221;]<\/p>\n<p style=\"text-align: left;\">El ronc \u00e9s un soroll que es produeix en passar l&#8217;aire pel nas o la boca als pulmons. Aquest soroll es produeix quan les vies a\u00e8ries es troben col\u00b7lapsades o semi-col\u00b7lapsades.<\/p>\n<p style=\"text-align: left;\">A m\u00e9s del soroll molest que provoca el ronc, tamb\u00e9 existeixen altres conseq\u00fc\u00e8ncies, com \u00e9s la S\u00edndrome de l&#8217;Apnea o Hipo-apnea del son.<\/p>\n<p>L&#8217;acci\u00f3 de roncar, pot arribar a ser molesta i fins i tot insuportable per a les persones que conviuen amb nosaltres, provocant problemes de parella i, a m\u00e9s, provoca que el descans durant la son no sigui l&#8217;adequat i un augment del cansament<br \/>\ndiurn.<\/p>\n<p>Aquesta S\u00edndrome es produeix quan, degut al col\u00b7lapse de les vies a\u00e8ries, l&#8217;aire no penetra de forma adequada als pulmons, originant una mala respiraci\u00f3 i manca d&#8217;ox\u00edgen a tots els \u00f2rgans del nostre cos.[\/vc_column_text][\/vc_column][\/vc_row][vc_row full_width=&#8221;stretch_row&#8221; content_placement=&#8221;middle&#8221; css_animation=&#8221;none&#8221; el_class=&#8221;laclinica&#8221; css=&#8221;.vc_custom_1644401341194{padding-top: 6vw !important;padding-bottom: 6vw !important;background-color: #f5f5f5 !important;}&#8221;][vc_column css=&#8221;.vc_custom_1616757811868{padding-right: 4vw !important;}&#8221;][vc_row_inner css=&#8221;.vc_custom_1644401845749{padding-top: 4vw !important;}&#8221;][vc_column_inner][vc_column_text css=&#8221;.vc_custom_1644592000119{margin-bottom: 2vw !important;padding-top: 4vw !important;}&#8221;]<\/p>\n<h3 style=\"text-align: left;\">Qu\u00e8 noten els pacients que ronquen? Com afecta la seva vida di\u00e0ria?<\/h3>\n<p>[\/vc_column_text][vc_column_text el_class=&#8221;negre&#8221;]<\/p>\n<p style=\"text-align: left;\">Els pacients que ronquen tenen una pitjor qualitat de vida, ja que la resistencia provocada pels teixits tous a l&#8217;entrada d&#8217;aire fa que els seus \u00f2rgans estiguin pitjor oxigenats.<\/p>\n<p>Els s\u00edmptomes dels pacients que ronquen i presenten apnees i hipo-apnees durant la son s\u00f3n:<\/p>\n<ul>\n<li>Ofecs nocturns<\/li>\n<li>Somnol\u00e8ncia durant el dia<\/li>\n<li>Mal de cap al mat\u00ed<\/li>\n<li>Malsons<\/li>\n<li>Sequedat de gola<\/li>\n<li>P\u00e8rdua de capacitat intel\u00b7lectual<\/li>\n<\/ul>\n<p>[\/vc_column_text][vc_column_text css=&#8221;.vc_custom_1644592049010{margin-bottom: 2vw !important;padding-top: 4vw !important;}&#8221;]<\/p>\n<h3 style=\"text-align: left;\">Les apnees o hipoapnees de la son<\/h3>\n<p>[\/vc_column_text][vc_column_text el_class=&#8221;negre&#8221;]<\/p>\n<p style=\"text-align: left;\">Les apnees s\u00f3n un col\u00b7lapse de la via a\u00e8ria alta, d&#8217;almenys un 90% que dura com a m\u00ednim 10 segons.<\/p>\n<p style=\"text-align: left;\">Una hipo-apnea es considera un col\u00b7lapse major al 30%, associat a una dessaturaci\u00f3 d&#8217;ox\u00edgen del 3-4%.<\/p>\n<p>[\/vc_column_text][vc_column_text css=&#8221;.vc_custom_1644592118755{margin-bottom: 2vw !important;padding-top: 4vw !important;}&#8221;]<\/p>\n<h3 style=\"text-align: left;\">Quines conseq\u00fc\u00e8ncies tenen les apnees o hipo-apnees del son?<\/h3>\n<p>[\/vc_column_text][vc_column_text el_class=&#8221;negre&#8221;]<\/p>\n<p style=\"text-align: left;\">Les conseq\u00fc\u00e8ncies s\u00f3n variades i poden ser fins i tot greus:<\/p>\n<ul>\n<li style=\"text-align: left;\">Excessiva somnol\u00e8ncia diurna, ja que durant la nit no \u00e9s descansa adequadament<\/li>\n<li style=\"text-align: left;\">Baix rendiment laboral<\/li>\n<li style=\"text-align: left;\">Augment d&#8217;accidents de tr\u00e0nsit<\/li>\n<li style=\"text-align: left;\">Hipertensi\u00f3 arterial<\/li>\n<li style=\"text-align: left;\">Accidents cerebrovasculars<\/li>\n<li style=\"text-align: left;\">Miocardiopaties<\/li>\n<li style=\"text-align: left;\">Hipertensi\u00f3 pulmonar<\/li>\n<\/ul>\n<p>[\/vc_column_text][vc_column_text css=&#8221;.vc_custom_1644592270803{margin-bottom: 2vw !important;padding-top: 4vw !important;}&#8221;]<\/p>\n<h3 style=\"text-align: left;\">El DAM o f\u00e8rula d&#8217;avan\u00e7ament mandibular<\/h3>\n<p>[\/vc_column_text][vc_column_text el_class=&#8221;negre&#8221;]<\/p>\n<p style=\"text-align: left;\">El DAM \u00e9s un dispositiu que avan\u00e7a la mand\u00edbula uns mil\u00b7l\u00edmetres, impedint el col\u00b7lapse de les vies a\u00e8ries. Es fan servir durant la nit, mentre \u00e9s dorm, es col\u00b7loquen a la boca i modifiquen les posicions de la mand\u00edbula, llengua i altres estructures de la via a\u00e8ria superior.<\/p>\n<p style=\"text-align: left;\">Estan indicats pel tractament del ronc, apnea lleu i pacients que no tolerin la CPAP.<\/p>\n<p style=\"text-align: left;\">El CPAP \u00e9s un compressor d&#8217;aire que produeix una pressi\u00f3 positiva i constant i mant\u00e9 oberta la via a\u00e8ria, mitjan\u00e7ant una mascareta i un arn\u00e8s que s&#8217;adapta a la boca i cap del pacient.<\/p>\n<p style=\"text-align: left;\">El DAM \u00e9s petit i de f\u00e0cil transport, aix\u00ed que molts pacients que viatgen amb freq\u00fc\u00e8ncia tamb\u00e9 el fan servir com a alternativa al CPAP.<\/p>\n<p style=\"text-align: left;\">El DAM ha de ser realitzat per un dentista, format en medicina oral del so, i en el cas de les apnees que treballi en coordinaci\u00f3 amb la Unitat de la Son. Abans d&#8217;iniciar el tractament s&#8217;aconsella tenir un diagn\u00f2stic de certesa mitjan\u00e7ant una polisomnografia per determinar si l&#8217;apnea \u00e9s lleu, moderada o greu.<\/p>\n<p style=\"text-align: left;\">En casos d&#8217;apnees de la son lleus i moderades, \u00e9s molt millor tolerat que el CPAP.<\/p>\n<p style=\"text-align: left;\">Les apnees greus s&#8217;han de tractar amb un CPAP.<\/p>\n<p>[\/vc_column_text][vc_column_text css=&#8221;.vc_custom_1644592348722{margin-bottom: 2vw !important;padding-top: 4vw !important;}&#8221;]<\/p>\n<h3 style=\"text-align: left;\">Com \u00e9s fan els DAM?<\/h3>\n<p>[\/vc_column_text][vc_column_text el_class=&#8221;negre&#8221;]<\/p>\n<p style=\"text-align: left;\">El disseny dels DAM \u00e9s molt senzill: el dentista pren unes impressions i registres al pacient de maxil\u00b7lar i mand\u00edbula, simulant un avan\u00e7 mandibular. Es dissenyen i ajustin progressivament i de forma individualitzada. Els efectes secundaris s\u00f3n lleus i milloren amb el temps.<\/p>\n<p style=\"text-align: left;\">Abans d&#8217;iniciar el tractament, cal avaluar l&#8217;estat de l&#8217;articulaci\u00f3 temporomandibular, els dents, genives, etc.<\/p>\n<p>[\/vc_column_text][vc_column_text css=&#8221;.vc_custom_1644592400547{margin-bottom: 2vw !important;padding-top: 4vw !important;}&#8221;]<\/p>\n<h3 style=\"text-align: left;\">Com funcionen?<\/h3>\n<p>[\/vc_column_text][vc_column_text el_class=&#8221;negre&#8221;]<\/p>\n<p style=\"text-align: left;\">El DAM es col\u00b7loca a la boca quan el pacient se&#8217;n va a dormir i la seva funci\u00f3 principal \u00e9s avan\u00e7ar la mand\u00edbula per aix\u00ed obrir les vies respirat\u00f2ries i que l&#8217;aire entre els pulmons amb la m\u00ednima resist\u00e8ncia. Amb aix\u00f2 aconseguim que arribi el nivell d&#8217;ox\u00edgen adequat a tots els \u00f2rgans i desapareix el ruit del ronc.<\/p>\n<p style=\"text-align: left;\">El DAM \u00e9s efica\u00e7 per a les persones que volen deixar de roncar i pretenen millorar el seu descans durant el so.<\/p>\n<p style=\"text-align: left;\">Amb aquest tipus de dispositius aconseguim millores a curt termini:<\/p>\n<ul>\n<li style=\"text-align: left;\">Es redueixen les interrupcions de la son i millora la qualitat de vida durant el dia<\/li>\n<li style=\"text-align: left;\">La intensitat del ronc disminueix.<\/li>\n<\/ul>\n<p>Aquest tractament millora tant l&#8217;\u00edndex d&#8217;apnees, qualitat del so del pacient, aix\u00ed com els s\u00edmptomes diurns i nocturns de l&#8217;apnea del so. Tamb\u00e9 \u00e9s molt efica\u00e7 pel ronc, millorant el so del pacient roncador i sobretot el malestar de les seves parelles.[\/vc_column_text][\/vc_column_inner][\/vc_row_inner][\/vc_column][\/vc_row]<\/p>\n<\/div>","protected":false},"excerpt":{"rendered":"<p>[vc_row full_width=&#8221;stretch_row&#8221; content_placement=&#8221;middle&#8221; css_animation=&#8221;none&#8221; el_class=&#8221;laclinica&#8221; css=&#8221;.vc_custom_1644494633535{padding-top: 4vw !important;padding-bottom: 4vw !important;background-color: #ffffff !important;}&#8221;][vc_column][vc_row_inner content_placement=&#8221;top&#8221; css=&#8221;.vc_custom_1644494371713{padding-bottom: 4vw !important;}&#8221;][vc_column_inner width=&#8221;1\/3&#8243;][\/vc_column_inner][vc_column_inner width=&#8221;1\/3&#8243;][vc_column_text] F\u00c8RULES DEL RONC [\/vc_column_text][vc_separator color=&#8221;black&#8221;][\/vc_column_inner][vc_column_inner width=&#8221;1\/3&#8243;][\/vc_column_inner][\/vc_row_inner][vc_row_inner content_placement=&#8221;top&#8221;][vc_column_inner][vc_column_text css=&#8221;.vc_custom_1670927804115{margin-bottom: 30px !important;}&#8221;] Sabeu el que s\u00f3n les f\u00e8rules del ronc o f\u00e8rules d&#8217;avan\u00e7ament mandibular? [\/vc_column_text][vc_column_text el_class=&#8221;negre&#8221;] Les f\u00e8rules del ronc o dispositius d&#8217;avan\u00e7ament mandibular (DAM) redueixen els roncs i&hellip;<\/p>\n","protected":false},"author":1,"featured_media":0,"parent":0,"menu_order":0,"comment_status":"closed","ping_status":"closed","template":"","meta":{"_acf_changed":false,"_monsterinsights_skip_tracking":false,"_monsterinsights_sitenote_active":false,"_monsterinsights_sitenote_note":"","_monsterinsights_sitenote_category":0,"footnotes":""},"class_list":["post-508","page","type-page","status-publish","hentry"],"acf":[],"yoast_head":"<!-- This site is optimized with the Yoast SEO plugin v26.7 - https:\/\/yoast.com\/wordpress\/plugins\/seo\/ -->\n<title>F\u00e8rules del Ronc - IB Cl\u00ednica Dental Tarragona<\/title>\n<meta name=\"description\" content=\"F\u00e8rules del Ronc, IB Cl\u00ednica Dental Tarragona per reduir els roncs i les apnees, contribuint a una son de qualitat i reparadora. Truca&#039;ns!\" \/>\n<meta name=\"robots\" content=\"index, follow, max-snippet:-1, max-image-preview:large, max-video-preview:-1\" \/>\n<link rel=\"canonical\" href=\"https:\/\/ibclinicadental.com\/ca\/ferules-del-ronc\" \/>\n<meta property=\"og:locale\" content=\"ca_ES\" \/>\n<meta property=\"og:type\" content=\"article\" \/>\n<meta property=\"og:title\" content=\"F\u00e8rules del Ronc - IB Cl\u00ednica Dental Tarragona\" \/>\n<meta property=\"og:description\" content=\"F\u00e8rules del Ronc, IB Cl\u00ednica Dental Tarragona per reduir els roncs i les apnees, contribuint a una son de qualitat i reparadora. Truca&#039;ns!\" \/>\n<meta property=\"og:url\" content=\"https:\/\/ibclinicadental.com\/ca\/ferules-del-ronc\" \/>\n<meta property=\"og:site_name\" content=\"IB Clinica Dental\" \/>\n<meta property=\"article:modified_time\" content=\"2025-03-31T10:05:54+00:00\" \/>\n<meta name=\"twitter:card\" content=\"summary_large_image\" \/>\n<meta name=\"twitter:label1\" content=\"Temps estimat de lectura\" \/>\n\t<meta name=\"twitter:data1\" content=\"5 minuts\" \/>\n<script type=\"application\/ld+json\" class=\"yoast-schema-graph\">{\"@context\":\"https:\/\/schema.org\",\"@graph\":[{\"@type\":\"WebPage\",\"@id\":\"https:\/\/ibclinicadental.com\/ca\/ferules-del-ronc\",\"url\":\"https:\/\/ibclinicadental.com\/ca\/ferules-del-ronc\",\"name\":\"F\u00e8rules del Ronc - IB Cl\u00ednica Dental Tarragona\",\"isPartOf\":{\"@id\":\"https:\/\/ibclinicadental.com\/ca#website\"},\"datePublished\":\"2022-02-11T10:49:36+00:00\",\"dateModified\":\"2025-03-31T10:05:54+00:00\",\"description\":\"F\u00e8rules del Ronc, IB Cl\u00ednica Dental Tarragona per reduir els roncs i les apnees, contribuint a una son de qualitat i reparadora. Truca'ns!\",\"breadcrumb\":{\"@id\":\"https:\/\/ibclinicadental.com\/ca\/ferules-del-ronc#breadcrumb\"},\"inLanguage\":\"ca\",\"potentialAction\":[{\"@type\":\"ReadAction\",\"target\":[\"https:\/\/ibclinicadental.com\/ca\/ferules-del-ronc\"]}]},{\"@type\":\"BreadcrumbList\",\"@id\":\"https:\/\/ibclinicadental.com\/ca\/ferules-del-ronc#breadcrumb\",\"itemListElement\":[{\"@type\":\"ListItem\",\"position\":1,\"name\":\"Portada\",\"item\":\"https:\/\/ibclinicadental.com\/ca\"},{\"@type\":\"ListItem\",\"position\":2,\"name\":\"F\u00e8rules del ronc\"}]},{\"@type\":\"WebSite\",\"@id\":\"https:\/\/ibclinicadental.com\/ca#website\",\"url\":\"https:\/\/ibclinicadental.com\/ca\",\"name\":\"IB Clinica Dental\",\"description\":\"Clinica Dental en Tarragona. Excelencia en Odontolog\u00eda\",\"potentialAction\":[{\"@type\":\"SearchAction\",\"target\":{\"@type\":\"EntryPoint\",\"urlTemplate\":\"https:\/\/ibclinicadental.com\/ca?s={search_term_string}\"},\"query-input\":{\"@type\":\"PropertyValueSpecification\",\"valueRequired\":true,\"valueName\":\"search_term_string\"}}],\"inLanguage\":\"ca\"}]}<\/script>\n<!-- \/ Yoast SEO plugin. -->","yoast_head_json":{"title":"F\u00e8rules del Ronc - IB Cl\u00ednica Dental Tarragona","description":"F\u00e8rules del Ronc, IB Cl\u00ednica Dental Tarragona per reduir els roncs i les apnees, contribuint a una son de qualitat i reparadora. Truca'ns!","robots":{"index":"index","follow":"follow","max-snippet":"max-snippet:-1","max-image-preview":"max-image-preview:large","max-video-preview":"max-video-preview:-1"},"canonical":"https:\/\/ibclinicadental.com\/ca\/ferules-del-ronc","og_locale":"ca_ES","og_type":"article","og_title":"F\u00e8rules del Ronc - IB Cl\u00ednica Dental Tarragona","og_description":"F\u00e8rules del Ronc, IB Cl\u00ednica Dental Tarragona per reduir els roncs i les apnees, contribuint a una son de qualitat i reparadora. Truca'ns!","og_url":"https:\/\/ibclinicadental.com\/ca\/ferules-del-ronc","og_site_name":"IB Clinica Dental","article_modified_time":"2025-03-31T10:05:54+00:00","twitter_card":"summary_large_image","twitter_misc":{"Temps estimat de lectura":"5 minuts"},"schema":{"@context":"https:\/\/schema.org","@graph":[{"@type":"WebPage","@id":"https:\/\/ibclinicadental.com\/ca\/ferules-del-ronc","url":"https:\/\/ibclinicadental.com\/ca\/ferules-del-ronc","name":"F\u00e8rules del Ronc - IB Cl\u00ednica Dental Tarragona","isPartOf":{"@id":"https:\/\/ibclinicadental.com\/ca#website"},"datePublished":"2022-02-11T10:49:36+00:00","dateModified":"2025-03-31T10:05:54+00:00","description":"F\u00e8rules del Ronc, IB Cl\u00ednica Dental Tarragona per reduir els roncs i les apnees, contribuint a una son de qualitat i reparadora. Truca'ns!","breadcrumb":{"@id":"https:\/\/ibclinicadental.com\/ca\/ferules-del-ronc#breadcrumb"},"inLanguage":"ca","potentialAction":[{"@type":"ReadAction","target":["https:\/\/ibclinicadental.com\/ca\/ferules-del-ronc"]}]},{"@type":"BreadcrumbList","@id":"https:\/\/ibclinicadental.com\/ca\/ferules-del-ronc#breadcrumb","itemListElement":[{"@type":"ListItem","position":1,"name":"Portada","item":"https:\/\/ibclinicadental.com\/ca"},{"@type":"ListItem","position":2,"name":"F\u00e8rules del ronc"}]},{"@type":"WebSite","@id":"https:\/\/ibclinicadental.com\/ca#website","url":"https:\/\/ibclinicadental.com\/ca","name":"IB Clinica Dental","description":"Clinica Dental en Tarragona. Excelencia en Odontolog\u00eda","potentialAction":[{"@type":"SearchAction","target":{"@type":"EntryPoint","urlTemplate":"https:\/\/ibclinicadental.com\/ca?s={search_term_string}"},"query-input":{"@type":"PropertyValueSpecification","valueRequired":true,"valueName":"search_term_string"}}],"inLanguage":"ca"}]}},"_links":{"self":[{"href":"https:\/\/ibclinicadental.com\/ca\/wp-json\/wp\/v2\/pages\/508","targetHints":{"allow":["GET"]}}],"collection":[{"href":"https:\/\/ibclinicadental.com\/ca\/wp-json\/wp\/v2\/pages"}],"about":[{"href":"https:\/\/ibclinicadental.com\/ca\/wp-json\/wp\/v2\/types\/page"}],"author":[{"embeddable":true,"href":"https:\/\/ibclinicadental.com\/ca\/wp-json\/wp\/v2\/users\/1"}],"replies":[{"embeddable":true,"href":"https:\/\/ibclinicadental.com\/ca\/wp-json\/wp\/v2\/comments?post=508"}],"version-history":[{"count":24,"href":"https:\/\/ibclinicadental.com\/ca\/wp-json\/wp\/v2\/pages\/508\/revisions"}],"predecessor-version":[{"id":1888,"href":"https:\/\/ibclinicadental.com\/ca\/wp-json\/wp\/v2\/pages\/508\/revisions\/1888"}],"wp:attachment":[{"href":"https:\/\/ibclinicadental.com\/ca\/wp-json\/wp\/v2\/media?parent=508"}],"curies":[{"name":"wp","href":"https:\/\/api.w.org\/{rel}","templated":true}]}}