{"id":584,"date":"2022-02-15T14:45:23","date_gmt":"2022-02-15T14:45:23","guid":{"rendered":"https:\/\/ibclinicadental.com\/instalacions-2"},"modified":"2025-03-05T18:45:29","modified_gmt":"2025-03-05T18:45:29","slug":"clinica-dental-tarragona","status":"publish","type":"page","link":"https:\/\/ibclinicadental.com\/ca\/clinica-dental-tarragona","title":{"rendered":"La Cl\u00ednica"},"content":{"rendered":"<div class=\"wpb-content-wrapper\"><p>[vc_row full_width=&#8221;stretch_row&#8221; content_placement=&#8221;middle&#8221; css_animation=&#8221;none&#8221; el_class=&#8221;laclinica&#8221; css=&#8221;.vc_custom_1644494633535{padding-top: 4vw !important;padding-bottom: 4vw !important;background-color: #ffffff !important;}&#8221;][vc_column][vc_row_inner content_placement=&#8221;top&#8221; css=&#8221;.vc_custom_1644494371713{padding-bottom: 4vw !important;}&#8221;][vc_column_inner width=&#8221;1\/3&#8243;][\/vc_column_inner][vc_column_inner width=&#8221;1\/3&#8243;][vc_column_text]<\/p>\n<h1 style=\"text-align: center; letter-spacing: 3px;\">IB CL\u00cdNICA DENTAL TARRAGONA<\/h1>\n<p>[\/vc_column_text][vc_separator color=&#8221;black&#8221;][\/vc_column_inner][vc_column_inner width=&#8221;1\/3&#8243;][\/vc_column_inner][\/vc_row_inner][\/vc_column][\/vc_row][vc_row content_placement=&#8221;middle&#8221; css_animation=&#8221;none&#8221; el_class=&#8221;laclinica&#8221; css=&#8221;.vc_custom_1644503647628{padding-bottom: 6vw !important;}&#8221;][vc_column css=&#8221;.vc_custom_1616757811868{padding-right: 4vw !important;}&#8221;][vc_column_text css=&#8221;.vc_custom_1673514344709{margin-bottom: 2vw !important;}&#8221;]<\/p>\n<h2 style=\"text-align: center;\">Instal\u00b7lacions IB Cl\u00ednica Dental<\/h2>\n<p>[\/vc_column_text][vc_empty_space][vc_column_text el_class=&#8221;negre&#8221;]La nostra cl\u00ednica IB <a href=\"\/?page_id=584\"><span style=\"color: #000000;\">Cl\u00ednica Dental a Tarragona<\/span><\/a> est\u00e0 pensada perqu\u00e8 t&#8217;hi puguis sentir com a casa. Estem segurs que us encantaran les nostres instal\u00b7lacions.<\/p>\n<p>&nbsp;<\/p>\n<h3 style=\"text-align: center;\">Aqu\u00ed t&#8217;hi sentir\u00e0s B!<\/h3>\n<p>[\/vc_column_text][\/vc_column][\/vc_row][vc_row content_placement=&#8221;bottom&#8221; css_animation=&#8221;none&#8221; el_class=&#8221;laclinica&#8221; css=&#8221;.vc_custom_1644503404271{padding-bottom: 10vw !important;}&#8221;][vc_column][vc_single_image image=&#8221;589&#8243; img_size=&#8221;full&#8221; css_animation=&#8221;bottom-to-top&#8221; el_class=&#8221;homepage-image-intro&#8221;][vc_column_text el_class=&#8221;negre&#8221;]Entrada[\/vc_column_text][\/vc_column][\/vc_row][vc_row content_placement=&#8221;bottom&#8221; css_animation=&#8221;none&#8221; el_class=&#8221;laclinica&#8221; css=&#8221;.vc_custom_1644503404271{padding-bottom: 10vw !important;}&#8221;][vc_column][vc_single_image image=&#8221;590&#8243; img_size=&#8221;full&#8221; css_animation=&#8221;bottom-to-top&#8221; el_class=&#8221;homepage-image-intro&#8221;][vc_column_text el_class=&#8221;negre&#8221;]Recepci\u00f3[\/vc_column_text][\/vc_column][\/vc_row][vc_row content_placement=&#8221;bottom&#8221; css_animation=&#8221;none&#8221; el_class=&#8221;laclinica&#8221; css=&#8221;.vc_custom_1644503404271{padding-bottom: 10vw !important;}&#8221;][vc_column][vc_single_image image=&#8221;591&#8243; img_size=&#8221;full&#8221; css_animation=&#8221;bottom-to-top&#8221; el_class=&#8221;homepage-image-intro&#8221;][vc_column_text el_class=&#8221;negre&#8221;]Sala d&#8217;espera[\/vc_column_text][\/vc_column][\/vc_row][vc_row content_placement=&#8221;bottom&#8221; css_animation=&#8221;none&#8221; el_class=&#8221;laclinica&#8221; css=&#8221;.vc_custom_1644503404271{padding-bottom: 10vw !important;}&#8221;][vc_column][vc_single_image image=&#8221;568&#8243; img_size=&#8221;full&#8221; css_animation=&#8221;bottom-to-top&#8221; el_class=&#8221;homepage-image-intro&#8221;][vc_column_text el_class=&#8221;negre&#8221;]Sala d&#8217;espera[\/vc_column_text][\/vc_column][\/vc_row][vc_row content_placement=&#8221;bottom&#8221; css_animation=&#8221;none&#8221; el_class=&#8221;laclinica&#8221; css=&#8221;.vc_custom_1644503404271{padding-bottom: 10vw !important;}&#8221;][vc_column][vc_single_image image=&#8221;472&#8243; img_size=&#8221;full&#8221; css_animation=&#8221;bottom-to-top&#8221; el_class=&#8221;homepage-image-intro&#8221;][vc_column_text el_class=&#8221;negre&#8221;]Sala reunions[\/vc_column_text][\/vc_column][\/vc_row][vc_row content_placement=&#8221;bottom&#8221; css_animation=&#8221;none&#8221; el_class=&#8221;laclinica&#8221; css=&#8221;.vc_custom_1644503404271{padding-bottom: 10vw !important;}&#8221;][vc_column][vc_single_image image=&#8221;592&#8243; img_size=&#8221;full&#8221; css_animation=&#8221;bottom-to-top&#8221; el_class=&#8221;homepage-image-intro&#8221;][vc_column_text el_class=&#8221;negre&#8221;]Sala reunions[\/vc_column_text][\/vc_column][\/vc_row][vc_row content_placement=&#8221;bottom&#8221; css_animation=&#8221;none&#8221; el_class=&#8221;laclinica&#8221; css=&#8221;.vc_custom_1644503404271{padding-bottom: 10vw !important;}&#8221;][vc_column][vc_single_image image=&#8221;542&#8243; img_size=&#8221;full&#8221; css_animation=&#8221;bottom-to-top&#8221; el_class=&#8221;homepage-image-intro&#8221;][vc_column_text el_class=&#8221;negre&#8221;]Box 1[\/vc_column_text][\/vc_column][\/vc_row][vc_row content_placement=&#8221;bottom&#8221; css_animation=&#8221;none&#8221; el_class=&#8221;laclinica&#8221; css=&#8221;.vc_custom_1644503404271{padding-bottom: 10vw !important;}&#8221;][vc_column][vc_single_image image=&#8221;543&#8243; img_size=&#8221;full&#8221; css_animation=&#8221;bottom-to-top&#8221; el_class=&#8221;homepage-image-intro&#8221;][vc_column_text el_class=&#8221;negre&#8221;]Box 1[\/vc_column_text][\/vc_column][\/vc_row][vc_row content_placement=&#8221;bottom&#8221; css_animation=&#8221;none&#8221; el_class=&#8221;laclinica&#8221; css=&#8221;.vc_custom_1644503404271{padding-bottom: 10vw !important;}&#8221;][vc_column][vc_single_image image=&#8221;707&#8243; img_size=&#8221;full&#8221; css_animation=&#8221;bottom-to-top&#8221; el_class=&#8221;homepage-image-intro&#8221;][vc_column_text el_class=&#8221;negre&#8221;]Box 1[\/vc_column_text][\/vc_column][\/vc_row][vc_row content_placement=&#8221;bottom&#8221; css_animation=&#8221;none&#8221; el_class=&#8221;laclinica&#8221; css=&#8221;.vc_custom_1644503404271{padding-bottom: 10vw !important;}&#8221;][vc_column][vc_single_image image=&#8221;541&#8243; img_size=&#8221;full&#8221; css_animation=&#8221;bottom-to-top&#8221; el_class=&#8221;homepage-image-intro&#8221;][vc_column_text el_class=&#8221;negre&#8221;]Box 3[\/vc_column_text][\/vc_column][\/vc_row][vc_row content_placement=&#8221;bottom&#8221; css_animation=&#8221;none&#8221; el_class=&#8221;laclinica&#8221; css=&#8221;.vc_custom_1644503404271{padding-bottom: 10vw !important;}&#8221;][vc_column][vc_single_image image=&#8221;545&#8243; img_size=&#8221;full&#8221; css_animation=&#8221;bottom-to-top&#8221; el_class=&#8221;homepage-image-intro&#8221;][vc_column_text el_class=&#8221;negre&#8221;]Rx[\/vc_column_text][\/vc_column][\/vc_row][vc_row content_placement=&#8221;bottom&#8221; css_animation=&#8221;none&#8221; el_class=&#8221;laclinica&#8221; css=&#8221;.vc_custom_1644503404271{padding-bottom: 10vw !important;}&#8221;][vc_column][vc_single_image image=&#8221;546&#8243; img_size=&#8221;full&#8221; css_animation=&#8221;bottom-to-top&#8221; el_class=&#8221;homepage-image-intro&#8221;][vc_column_text el_class=&#8221;negre&#8221;]Esterilitzaci\u00f3[\/vc_column_text][\/vc_column][\/vc_row][vc_row content_placement=&#8221;bottom&#8221; css_animation=&#8221;none&#8221; el_class=&#8221;laclinica&#8221; css=&#8221;.vc_custom_1644503404271{padding-bottom: 10vw !important;}&#8221;][vc_column][vc_single_image image=&#8221;549&#8243; img_size=&#8221;full&#8221; css_animation=&#8221;bottom-to-top&#8221; el_class=&#8221;homepage-image-intro&#8221;][vc_column_text el_class=&#8221;negre&#8221;]<\/p>\n<p dir=\"auto\">Esc\u00e0ner Intraoral<\/p>\n<p>[\/vc_column_text][\/vc_column][\/vc_row]<\/p>\n<\/div>","protected":false},"excerpt":{"rendered":"<p>[vc_row full_width=&#8221;stretch_row&#8221; content_placement=&#8221;middle&#8221; css_animation=&#8221;none&#8221; el_class=&#8221;laclinica&#8221; css=&#8221;.vc_custom_1644494633535{padding-top: 4vw !important;padding-bottom: 4vw !important;background-color: #ffffff !important;}&#8221;][vc_column][vc_row_inner content_placement=&#8221;top&#8221; css=&#8221;.vc_custom_1644494371713{padding-bottom: 4vw !important;}&#8221;][vc_column_inner width=&#8221;1\/3&#8243;][\/vc_column_inner][vc_column_inner width=&#8221;1\/3&#8243;][vc_column_text] IB CL\u00cdNICA DENTAL TARRAGONA [\/vc_column_text][vc_separator color=&#8221;black&#8221;][\/vc_column_inner][vc_column_inner width=&#8221;1\/3&#8243;][\/vc_column_inner][\/vc_row_inner][\/vc_column][\/vc_row][vc_row content_placement=&#8221;middle&#8221; css_animation=&#8221;none&#8221; el_class=&#8221;laclinica&#8221; css=&#8221;.vc_custom_1644503647628{padding-bottom: 6vw !important;}&#8221;][vc_column css=&#8221;.vc_custom_1616757811868{padding-right: 4vw !important;}&#8221;][vc_column_text css=&#8221;.vc_custom_1673514344709{margin-bottom: 2vw !important;}&#8221;] Instal\u00b7lacions IB Cl\u00ednica Dental [\/vc_column_text][vc_empty_space][vc_column_text el_class=&#8221;negre&#8221;]La nostra cl\u00ednica IB Cl\u00ednica Dental a Tarragona est\u00e0 pensada perqu\u00e8 t&#8217;hi puguis&hellip;<\/p>\n","protected":false},"author":1,"featured_media":0,"parent":0,"menu_order":0,"comment_status":"closed","ping_status":"closed","template":"","meta":{"_acf_changed":false,"_monsterinsights_skip_tracking":false,"_monsterinsights_sitenote_active":false,"_monsterinsights_sitenote_note":"","_monsterinsights_sitenote_category":0,"footnotes":""},"class_list":["post-584","page","type-page","status-publish","hentry"],"acf":[],"yoast_head":"<!-- This site is optimized with the Yoast SEO plugin v26.7 - https:\/\/yoast.com\/wordpress\/plugins\/seo\/ -->\n<title>Cl\u00ednica Dental a Tarragona - IB Cl\u00ednica Dental<\/title>\n<meta name=\"description\" content=\"A IB Cl\u00ednica Dental a Tarragona oferim unes instal\u00b7lacions amb tecnologia d&#039;\u00faltima generaci\u00f3 perqu\u00e8 et puguis sentir b\u00e9. Pedir cita!\" \/>\n<meta name=\"robots\" content=\"index, follow, max-snippet:-1, max-image-preview:large, max-video-preview:-1\" \/>\n<link rel=\"canonical\" href=\"https:\/\/ibclinicadental.com\/ca\/clinica-dental-tarragona\" \/>\n<meta property=\"og:locale\" content=\"ca_ES\" \/>\n<meta property=\"og:type\" content=\"article\" \/>\n<meta property=\"og:title\" content=\"Cl\u00ednica Dental a Tarragona - IB Cl\u00ednica Dental\" \/>\n<meta property=\"og:description\" content=\"A IB Cl\u00ednica Dental a Tarragona oferim unes instal\u00b7lacions amb tecnologia d&#039;\u00faltima generaci\u00f3 perqu\u00e8 et puguis sentir b\u00e9. Pedir cita!\" \/>\n<meta property=\"og:url\" content=\"https:\/\/ibclinicadental.com\/ca\/clinica-dental-tarragona\" \/>\n<meta property=\"og:site_name\" content=\"IB Clinica Dental\" \/>\n<meta property=\"article:modified_time\" content=\"2025-03-05T18:45:29+00:00\" \/>\n<meta name=\"twitter:card\" content=\"summary_large_image\" \/>\n<meta name=\"twitter:label1\" content=\"Temps estimat de lectura\" \/>\n\t<meta name=\"twitter:data1\" content=\"2 minuts\" \/>\n<script type=\"application\/ld+json\" class=\"yoast-schema-graph\">{\"@context\":\"https:\/\/schema.org\",\"@graph\":[{\"@type\":\"WebPage\",\"@id\":\"https:\/\/ibclinicadental.com\/ca\/clinica-dental-tarragona\",\"url\":\"https:\/\/ibclinicadental.com\/ca\/clinica-dental-tarragona\",\"name\":\"Cl\u00ednica Dental a Tarragona - IB Cl\u00ednica Dental\",\"isPartOf\":{\"@id\":\"https:\/\/ibclinicadental.com\/ca#website\"},\"datePublished\":\"2022-02-15T14:45:23+00:00\",\"dateModified\":\"2025-03-05T18:45:29+00:00\",\"description\":\"A IB Cl\u00ednica Dental a Tarragona oferim unes instal\u00b7lacions amb tecnologia d'\u00faltima generaci\u00f3 perqu\u00e8 et puguis sentir b\u00e9. Pedir cita!\",\"breadcrumb\":{\"@id\":\"https:\/\/ibclinicadental.com\/ca\/clinica-dental-tarragona#breadcrumb\"},\"inLanguage\":\"ca\",\"potentialAction\":[{\"@type\":\"ReadAction\",\"target\":[\"https:\/\/ibclinicadental.com\/ca\/clinica-dental-tarragona\"]}]},{\"@type\":\"BreadcrumbList\",\"@id\":\"https:\/\/ibclinicadental.com\/ca\/clinica-dental-tarragona#breadcrumb\",\"itemListElement\":[{\"@type\":\"ListItem\",\"position\":1,\"name\":\"Portada\",\"item\":\"https:\/\/ibclinicadental.com\/ca\"},{\"@type\":\"ListItem\",\"position\":2,\"name\":\"La Cl\u00ednica\"}]},{\"@type\":\"WebSite\",\"@id\":\"https:\/\/ibclinicadental.com\/ca#website\",\"url\":\"https:\/\/ibclinicadental.com\/ca\",\"name\":\"IB Clinica Dental\",\"description\":\"Clinica Dental en Tarragona. Excelencia en Odontolog\u00eda\",\"potentialAction\":[{\"@type\":\"SearchAction\",\"target\":{\"@type\":\"EntryPoint\",\"urlTemplate\":\"https:\/\/ibclinicadental.com\/ca?s={search_term_string}\"},\"query-input\":{\"@type\":\"PropertyValueSpecification\",\"valueRequired\":true,\"valueName\":\"search_term_string\"}}],\"inLanguage\":\"ca\"}]}<\/script>\n<!-- \/ Yoast SEO plugin. -->","yoast_head_json":{"title":"Cl\u00ednica Dental a Tarragona - IB Cl\u00ednica Dental","description":"A IB Cl\u00ednica Dental a Tarragona oferim unes instal\u00b7lacions amb tecnologia d'\u00faltima generaci\u00f3 perqu\u00e8 et puguis sentir b\u00e9. Pedir cita!","robots":{"index":"index","follow":"follow","max-snippet":"max-snippet:-1","max-image-preview":"max-image-preview:large","max-video-preview":"max-video-preview:-1"},"canonical":"https:\/\/ibclinicadental.com\/ca\/clinica-dental-tarragona","og_locale":"ca_ES","og_type":"article","og_title":"Cl\u00ednica Dental a Tarragona - IB Cl\u00ednica Dental","og_description":"A IB Cl\u00ednica Dental a Tarragona oferim unes instal\u00b7lacions amb tecnologia d'\u00faltima generaci\u00f3 perqu\u00e8 et puguis sentir b\u00e9. Pedir cita!","og_url":"https:\/\/ibclinicadental.com\/ca\/clinica-dental-tarragona","og_site_name":"IB Clinica Dental","article_modified_time":"2025-03-05T18:45:29+00:00","twitter_card":"summary_large_image","twitter_misc":{"Temps estimat de lectura":"2 minuts"},"schema":{"@context":"https:\/\/schema.org","@graph":[{"@type":"WebPage","@id":"https:\/\/ibclinicadental.com\/ca\/clinica-dental-tarragona","url":"https:\/\/ibclinicadental.com\/ca\/clinica-dental-tarragona","name":"Cl\u00ednica Dental a Tarragona - IB Cl\u00ednica Dental","isPartOf":{"@id":"https:\/\/ibclinicadental.com\/ca#website"},"datePublished":"2022-02-15T14:45:23+00:00","dateModified":"2025-03-05T18:45:29+00:00","description":"A IB Cl\u00ednica Dental a Tarragona oferim unes instal\u00b7lacions amb tecnologia d'\u00faltima generaci\u00f3 perqu\u00e8 et puguis sentir b\u00e9. Pedir cita!","breadcrumb":{"@id":"https:\/\/ibclinicadental.com\/ca\/clinica-dental-tarragona#breadcrumb"},"inLanguage":"ca","potentialAction":[{"@type":"ReadAction","target":["https:\/\/ibclinicadental.com\/ca\/clinica-dental-tarragona"]}]},{"@type":"BreadcrumbList","@id":"https:\/\/ibclinicadental.com\/ca\/clinica-dental-tarragona#breadcrumb","itemListElement":[{"@type":"ListItem","position":1,"name":"Portada","item":"https:\/\/ibclinicadental.com\/ca"},{"@type":"ListItem","position":2,"name":"La Cl\u00ednica"}]},{"@type":"WebSite","@id":"https:\/\/ibclinicadental.com\/ca#website","url":"https:\/\/ibclinicadental.com\/ca","name":"IB Clinica Dental","description":"Clinica Dental en Tarragona. Excelencia en Odontolog\u00eda","potentialAction":[{"@type":"SearchAction","target":{"@type":"EntryPoint","urlTemplate":"https:\/\/ibclinicadental.com\/ca?s={search_term_string}"},"query-input":{"@type":"PropertyValueSpecification","valueRequired":true,"valueName":"search_term_string"}}],"inLanguage":"ca"}]}},"_links":{"self":[{"href":"https:\/\/ibclinicadental.com\/ca\/wp-json\/wp\/v2\/pages\/584","targetHints":{"allow":["GET"]}}],"collection":[{"href":"https:\/\/ibclinicadental.com\/ca\/wp-json\/wp\/v2\/pages"}],"about":[{"href":"https:\/\/ibclinicadental.com\/ca\/wp-json\/wp\/v2\/types\/page"}],"author":[{"embeddable":true,"href":"https:\/\/ibclinicadental.com\/ca\/wp-json\/wp\/v2\/users\/1"}],"replies":[{"embeddable":true,"href":"https:\/\/ibclinicadental.com\/ca\/wp-json\/wp\/v2\/comments?post=584"}],"version-history":[{"count":18,"href":"https:\/\/ibclinicadental.com\/ca\/wp-json\/wp\/v2\/pages\/584\/revisions"}],"predecessor-version":[{"id":1865,"href":"https:\/\/ibclinicadental.com\/ca\/wp-json\/wp\/v2\/pages\/584\/revisions\/1865"}],"wp:attachment":[{"href":"https:\/\/ibclinicadental.com\/ca\/wp-json\/wp\/v2\/media?parent=584"}],"curies":[{"name":"wp","href":"https:\/\/api.w.org\/{rel}","templated":true}]}}