{"id":661,"date":"2022-02-21T10:02:16","date_gmt":"2022-02-21T10:02:16","guid":{"rendered":"https:\/\/ibclinicadental.com\/implants-2"},"modified":"2025-03-05T18:45:32","modified_gmt":"2025-03-05T18:45:32","slug":"odontopediatria","status":"publish","type":"page","link":"https:\/\/ibclinicadental.com\/ca\/odontopediatria","title":{"rendered":"Odontopediatria"},"content":{"rendered":"<div class=\"wpb-content-wrapper\"><p>[vc_row full_width=&#8221;stretch_row&#8221; content_placement=&#8221;middle&#8221; css_animation=&#8221;none&#8221; el_class=&#8221;laclinica&#8221; css=&#8221;.vc_custom_1644495023998{padding-top: 4vw !important;padding-bottom: 4vw !important;background-color: #ffffff !important;}&#8221;][vc_column][vc_row_inner content_placement=&#8221;top&#8221; css=&#8221;.vc_custom_1644494371713{padding-bottom: 4vw !important;}&#8221;][vc_column_inner width=&#8221;1\/3&#8243;][\/vc_column_inner][vc_column_inner width=&#8221;1\/3&#8243;][vc_column_text css=&#8221;.vc_custom_1670930010718{margin-bottom: 2vw !important;}&#8221;]<\/p>\n<h1 style=\"text-align: center; letter-spacing: 3px;\">ODONTOPEDIATRIA<\/h1>\n<p>[\/vc_column_text][vc_separator color=&#8221;black&#8221;][\/vc_column_inner][vc_column_inner width=&#8221;1\/3&#8243;][\/vc_column_inner][\/vc_row_inner][vc_row_inner content_placement=&#8221;top&#8221;][vc_column_inner][vc_column_text el_class=&#8221;negre&#8221;]<\/p>\n<h2>Odontologia Infantil a Tarragona<\/h2>\n<p>&nbsp;<\/p>\n<p>A IB Cl\u00ednica Dental a Tarragona cuidem la salut dental dels teus fills per evitar l&#8217;aparici\u00f3 de c\u00e0ries i generar h\u00e0bits d&#8217;higiene bucal des de ben petits, per aconseguir el millor dels somriures, els nostres <span style=\"color: #000000;\"><a style=\"color: #000000;\" href=\"\/?page_id=661\">dentistes infantils<\/a><\/span> estaran encantats d&#8217;atendre els vostres fills amb la millor cura.<\/p>\n<p style=\"font-weight: 400;\">L&#8217;Odontopediatria o <span style=\"color: #000000;\"><a style=\"color: #000000;\" href=\"\/?page_id=661\">Odontologia Pedi\u00e0trica<\/a><\/span> \u00e9s la rama de l&#8217;Odontologia que s&#8217;encarrega de mantenir i preservar la salut bucal dels infants.<\/p>\n<p style=\"font-weight: 400;\">Actualment, la malaltia cr\u00f2nica m\u00e9s freq\u00fcent durant aquest per\u00edode \u00e9s la c\u00e0ries dental. Per aix\u00f2, \u00e9s important con\u00e8ixer les pautes per a una cura correcta dels dents i genives.<\/p>\n<p style=\"font-weight: 400;\">Durant aquesta etapa, tamb\u00e9 es comencen a desenvolupar els patrons de degluci\u00f3, masticaci\u00f3 i fonaci\u00f3 i \u00e9s important revisar-los, at\u00e8s que poden condicionar el desenvolupament a nivell facial i bucal del nen si presenten anomalies que no es corretgeixen a temps.<\/p>\n<p>[\/vc_column_text][\/vc_column_inner][\/vc_row_inner][\/vc_column][\/vc_row][vc_row content_placement=&#8221;middle&#8221; css_animation=&#8221;none&#8221; el_class=&#8221;laclinica&#8221; css=&#8221;.vc_custom_1617896988632{padding-bottom: 10vw !important;}&#8221;][vc_column width=&#8221;1\/6&#8243;][\/vc_column][vc_column width=&#8221;2\/3&#8243;][vc_single_image image=&#8221;668&#8243; img_size=&#8221;full&#8221; alignment=&#8221;center&#8221; css_animation=&#8221;bottom-to-top&#8221; el_class=&#8221;homepage-image-intro&#8221;][\/vc_column][vc_column width=&#8221;1\/6&#8243;][\/vc_column][\/vc_row][vc_row content_placement=&#8221;middle&#8221; css_animation=&#8221;none&#8221; el_class=&#8221;laclinica&#8221; css=&#8221;.vc_custom_1617896988632{padding-bottom: 10vw !important;}&#8221;][vc_column][vc_single_image image=&#8221;152&#8243; img_size=&#8221;full&#8221; alignment=&#8221;center&#8221; css_animation=&#8221;bottom-to-top&#8221; el_class=&#8221;homepage-image-intro&#8221;][\/vc_column][\/vc_row][vc_row content_placement=&#8221;middle&#8221; css_animation=&#8221;none&#8221; el_class=&#8221;laclinica&#8221; css=&#8221;.vc_custom_1617896988632{padding-bottom: 10vw !important;}&#8221;][vc_column][vc_single_image image=&#8221;667&#8243; img_size=&#8221;full&#8221; alignment=&#8221;center&#8221; css_animation=&#8221;bottom-to-top&#8221; el_class=&#8221;homepage-image-intro&#8221;][\/vc_column][\/vc_row][vc_row content_placement=&#8221;middle&#8221; css_animation=&#8221;none&#8221; el_class=&#8221;laclinica&#8221; css=&#8221;.vc_custom_1617896988632{padding-bottom: 10vw !important;}&#8221;][vc_column][vc_single_image image=&#8221;663&#8243; img_size=&#8221;full&#8221; alignment=&#8221;center&#8221; css_animation=&#8221;bottom-to-top&#8221; el_class=&#8221;homepage-image-intro&#8221;][\/vc_column][\/vc_row]<\/p>\n<\/div>","protected":false},"excerpt":{"rendered":"<p>[vc_row full_width=&#8221;stretch_row&#8221; content_placement=&#8221;middle&#8221; css_animation=&#8221;none&#8221; el_class=&#8221;laclinica&#8221; css=&#8221;.vc_custom_1644495023998{padding-top: 4vw !important;padding-bottom: 4vw !important;background-color: #ffffff !important;}&#8221;][vc_column][vc_row_inner content_placement=&#8221;top&#8221; css=&#8221;.vc_custom_1644494371713{padding-bottom: 4vw !important;}&#8221;][vc_column_inner width=&#8221;1\/3&#8243;][\/vc_column_inner][vc_column_inner width=&#8221;1\/3&#8243;][vc_column_text css=&#8221;.vc_custom_1670930010718{margin-bottom: 2vw !important;}&#8221;] ODONTOPEDIATRIA [\/vc_column_text][vc_separator color=&#8221;black&#8221;][\/vc_column_inner][vc_column_inner width=&#8221;1\/3&#8243;][\/vc_column_inner][\/vc_row_inner][vc_row_inner content_placement=&#8221;top&#8221;][vc_column_inner][vc_column_text el_class=&#8221;negre&#8221;] Odontologia Infantil a Tarragona &nbsp; A IB Cl\u00ednica Dental a Tarragona cuidem la salut dental dels teus fills per evitar l&#8217;aparici\u00f3 de c\u00e0ries i generar h\u00e0bits d&#8217;higiene bucal&hellip;<\/p>\n","protected":false},"author":1,"featured_media":0,"parent":0,"menu_order":0,"comment_status":"closed","ping_status":"closed","template":"","meta":{"_acf_changed":false,"_monsterinsights_skip_tracking":false,"_monsterinsights_sitenote_active":false,"_monsterinsights_sitenote_note":"","_monsterinsights_sitenote_category":0,"footnotes":""},"class_list":["post-661","page","type-page","status-publish","hentry"],"acf":[],"yoast_head":"<!-- This site is optimized with the Yoast SEO plugin v26.7 - https:\/\/yoast.com\/wordpress\/plugins\/seo\/ -->\n<title>Dentista Infantil a Tarragona - IB Cl\u00ednica Dental Infantil a Tarragona<\/title>\n<meta name=\"description\" content=\"Dentista Infantil a Tarragona, realitzem tot tipus de tractaments bucodentals per a nens, visita&#039;ns o b\u00e9 truca per demanar cita!\" \/>\n<meta name=\"robots\" content=\"index, follow, max-snippet:-1, max-image-preview:large, max-video-preview:-1\" \/>\n<link rel=\"canonical\" href=\"https:\/\/ibclinicadental.com\/ca\/odontopediatria\" \/>\n<meta property=\"og:locale\" content=\"ca_ES\" \/>\n<meta property=\"og:type\" content=\"article\" \/>\n<meta property=\"og:title\" content=\"Dentista Infantil a Tarragona - IB Cl\u00ednica Dental Infantil a Tarragona\" \/>\n<meta property=\"og:description\" content=\"Dentista Infantil a Tarragona, realitzem tot tipus de tractaments bucodentals per a nens, visita&#039;ns o b\u00e9 truca per demanar cita!\" \/>\n<meta property=\"og:url\" content=\"https:\/\/ibclinicadental.com\/ca\/odontopediatria\" \/>\n<meta property=\"og:site_name\" content=\"IB Clinica Dental\" \/>\n<meta property=\"article:modified_time\" content=\"2025-03-05T18:45:32+00:00\" \/>\n<meta name=\"twitter:card\" content=\"summary_large_image\" \/>\n<meta name=\"twitter:label1\" content=\"Temps estimat de lectura\" \/>\n\t<meta name=\"twitter:data1\" content=\"2 minuts\" \/>\n<script type=\"application\/ld+json\" class=\"yoast-schema-graph\">{\"@context\":\"https:\/\/schema.org\",\"@graph\":[{\"@type\":\"WebPage\",\"@id\":\"https:\/\/ibclinicadental.com\/ca\/odontopediatria\",\"url\":\"https:\/\/ibclinicadental.com\/ca\/odontopediatria\",\"name\":\"Dentista Infantil a Tarragona - IB Cl\u00ednica Dental Infantil a Tarragona\",\"isPartOf\":{\"@id\":\"https:\/\/ibclinicadental.com\/ca#website\"},\"datePublished\":\"2022-02-21T10:02:16+00:00\",\"dateModified\":\"2025-03-05T18:45:32+00:00\",\"description\":\"Dentista Infantil a Tarragona, realitzem tot tipus de tractaments bucodentals per a nens, visita'ns o b\u00e9 truca per demanar cita!\",\"breadcrumb\":{\"@id\":\"https:\/\/ibclinicadental.com\/ca\/odontopediatria#breadcrumb\"},\"inLanguage\":\"ca\",\"potentialAction\":[{\"@type\":\"ReadAction\",\"target\":[\"https:\/\/ibclinicadental.com\/ca\/odontopediatria\"]}]},{\"@type\":\"BreadcrumbList\",\"@id\":\"https:\/\/ibclinicadental.com\/ca\/odontopediatria#breadcrumb\",\"itemListElement\":[{\"@type\":\"ListItem\",\"position\":1,\"name\":\"Portada\",\"item\":\"https:\/\/ibclinicadental.com\/ca\"},{\"@type\":\"ListItem\",\"position\":2,\"name\":\"Odontopediatria\"}]},{\"@type\":\"WebSite\",\"@id\":\"https:\/\/ibclinicadental.com\/ca#website\",\"url\":\"https:\/\/ibclinicadental.com\/ca\",\"name\":\"IB Clinica Dental\",\"description\":\"Clinica Dental en Tarragona. Excelencia en Odontolog\u00eda\",\"potentialAction\":[{\"@type\":\"SearchAction\",\"target\":{\"@type\":\"EntryPoint\",\"urlTemplate\":\"https:\/\/ibclinicadental.com\/ca?s={search_term_string}\"},\"query-input\":{\"@type\":\"PropertyValueSpecification\",\"valueRequired\":true,\"valueName\":\"search_term_string\"}}],\"inLanguage\":\"ca\"}]}<\/script>\n<!-- \/ Yoast SEO plugin. -->","yoast_head_json":{"title":"Dentista Infantil a Tarragona - IB Cl\u00ednica Dental Infantil a Tarragona","description":"Dentista Infantil a Tarragona, realitzem tot tipus de tractaments bucodentals per a nens, visita'ns o b\u00e9 truca per demanar cita!","robots":{"index":"index","follow":"follow","max-snippet":"max-snippet:-1","max-image-preview":"max-image-preview:large","max-video-preview":"max-video-preview:-1"},"canonical":"https:\/\/ibclinicadental.com\/ca\/odontopediatria","og_locale":"ca_ES","og_type":"article","og_title":"Dentista Infantil a Tarragona - IB Cl\u00ednica Dental Infantil a Tarragona","og_description":"Dentista Infantil a Tarragona, realitzem tot tipus de tractaments bucodentals per a nens, visita'ns o b\u00e9 truca per demanar cita!","og_url":"https:\/\/ibclinicadental.com\/ca\/odontopediatria","og_site_name":"IB Clinica Dental","article_modified_time":"2025-03-05T18:45:32+00:00","twitter_card":"summary_large_image","twitter_misc":{"Temps estimat de lectura":"2 minuts"},"schema":{"@context":"https:\/\/schema.org","@graph":[{"@type":"WebPage","@id":"https:\/\/ibclinicadental.com\/ca\/odontopediatria","url":"https:\/\/ibclinicadental.com\/ca\/odontopediatria","name":"Dentista Infantil a Tarragona - IB Cl\u00ednica Dental Infantil a Tarragona","isPartOf":{"@id":"https:\/\/ibclinicadental.com\/ca#website"},"datePublished":"2022-02-21T10:02:16+00:00","dateModified":"2025-03-05T18:45:32+00:00","description":"Dentista Infantil a Tarragona, realitzem tot tipus de tractaments bucodentals per a nens, visita'ns o b\u00e9 truca per demanar cita!","breadcrumb":{"@id":"https:\/\/ibclinicadental.com\/ca\/odontopediatria#breadcrumb"},"inLanguage":"ca","potentialAction":[{"@type":"ReadAction","target":["https:\/\/ibclinicadental.com\/ca\/odontopediatria"]}]},{"@type":"BreadcrumbList","@id":"https:\/\/ibclinicadental.com\/ca\/odontopediatria#breadcrumb","itemListElement":[{"@type":"ListItem","position":1,"name":"Portada","item":"https:\/\/ibclinicadental.com\/ca"},{"@type":"ListItem","position":2,"name":"Odontopediatria"}]},{"@type":"WebSite","@id":"https:\/\/ibclinicadental.com\/ca#website","url":"https:\/\/ibclinicadental.com\/ca","name":"IB Clinica Dental","description":"Clinica Dental en Tarragona. Excelencia en Odontolog\u00eda","potentialAction":[{"@type":"SearchAction","target":{"@type":"EntryPoint","urlTemplate":"https:\/\/ibclinicadental.com\/ca?s={search_term_string}"},"query-input":{"@type":"PropertyValueSpecification","valueRequired":true,"valueName":"search_term_string"}}],"inLanguage":"ca"}]}},"_links":{"self":[{"href":"https:\/\/ibclinicadental.com\/ca\/wp-json\/wp\/v2\/pages\/661","targetHints":{"allow":["GET"]}}],"collection":[{"href":"https:\/\/ibclinicadental.com\/ca\/wp-json\/wp\/v2\/pages"}],"about":[{"href":"https:\/\/ibclinicadental.com\/ca\/wp-json\/wp\/v2\/types\/page"}],"author":[{"embeddable":true,"href":"https:\/\/ibclinicadental.com\/ca\/wp-json\/wp\/v2\/users\/1"}],"replies":[{"embeddable":true,"href":"https:\/\/ibclinicadental.com\/ca\/wp-json\/wp\/v2\/comments?post=661"}],"version-history":[{"count":18,"href":"https:\/\/ibclinicadental.com\/ca\/wp-json\/wp\/v2\/pages\/661\/revisions"}],"predecessor-version":[{"id":1870,"href":"https:\/\/ibclinicadental.com\/ca\/wp-json\/wp\/v2\/pages\/661\/revisions\/1870"}],"wp:attachment":[{"href":"https:\/\/ibclinicadental.com\/ca\/wp-json\/wp\/v2\/media?parent=661"}],"curies":[{"name":"wp","href":"https:\/\/api.w.org\/{rel}","templated":true}]}}