{"id":678,"date":"2022-02-21T10:14:41","date_gmt":"2022-02-21T10:14:41","guid":{"rendered":"https:\/\/ibclinicadental.com\/ortodoncia-2"},"modified":"2025-03-05T18:45:26","modified_gmt":"2025-03-05T18:45:26","slug":"protesi-dental","status":"publish","type":"page","link":"https:\/\/ibclinicadental.com\/ca\/protesi-dental","title":{"rendered":"Pr\u00f2tesi"},"content":{"rendered":"<div class=\"wpb-content-wrapper\"><p>[vc_row full_width=&#8221;stretch_row&#8221; content_placement=&#8221;middle&#8221; css_animation=&#8221;none&#8221; el_class=&#8221;laclinica&#8221; css=&#8221;.vc_custom_1645438600876{margin-bottom: 8vw !important;padding-top: 4vw !important;padding-bottom: 4vw !important;background-color: #ffffff !important;}&#8221;][vc_column][vc_row_inner content_placement=&#8221;top&#8221; css=&#8221;.vc_custom_1644494371713{padding-bottom: 4vw !important;}&#8221;][vc_column_inner width=&#8221;1\/3&#8243;][\/vc_column_inner][vc_column_inner width=&#8221;1\/3&#8243;][vc_column_text]<\/p>\n<h1 style=\"text-align: center; letter-spacing: 3px;\">PR\u00d2TESI DENTAL<\/h1>\n<p>[\/vc_column_text][vc_separator color=&#8221;black&#8221;][\/vc_column_inner][vc_column_inner width=&#8221;1\/3&#8243;][\/vc_column_inner][\/vc_row_inner][vc_row_inner content_placement=&#8221;top&#8221;][vc_column_inner][vc_column_text css=&#8221;.vc_custom_1670933532652{margin-bottom: 30px !important;}&#8221;]<\/p>\n<h2 style=\"text-align: center;\">Qu\u00e8 \u00e9s una pr\u00f2tesi dental?<\/h2>\n<p>[\/vc_column_text][vc_column_text el_class=&#8221;negre&#8221;]<\/p>\n<p style=\"font-weight: 400;\">Una <span style=\"color: #000000;\"><a style=\"color: #000000;\" href=\"\/?page_id=678\">pr\u00f2tesi dental<\/a><\/span> \u00e9s un element artificial fabricat de manera personalitzada amb materials com l&#8217;acr\u00edlic i la porcellana. Serveixen per restaurar l&#8217;anatomia d&#8217;un o diversos dents, aconseguint que el pacient recuperi la funcionalitat i l&#8217;est\u00e8tica de la seva dentadura. La funci\u00f3 principal de les pr\u00f2tesis dentals \u00e9s rehabilitar la possibilitat de mastegar els aliments, aix\u00ed com evitar problemes de pronunciaci\u00f3.<\/p>\n<p>[\/vc_column_text][\/vc_column_inner][\/vc_row_inner][vc_row_inner content_placement=&#8221;top&#8221; css=&#8221;.vc_custom_1644502720790{padding-top: 6vw !important;}&#8221;][vc_column_inner][vc_column_text css=&#8221;.vc_custom_1670933664438{margin-bottom: 30px !important;}&#8221;]<\/p>\n<h3 style=\"text-align: center;\">Quins tipus de pr\u00f2tesi dental trobem?<\/h3>\n<p>[\/vc_column_text][vc_column_text el_class=&#8221;negre&#8221;]<\/p>\n<p style=\"font-weight: 400;\"><span style=\"color: #000000;\"><a style=\"color: #000000;\" href=\"\/?page_id=678\"><strong>Pr\u00f2tesis dentals fixes:<\/strong><\/a><\/span> s\u00f3n aquelles que el pacient no pot retirar sense lajuda dun dentista. Podem trobar corons o ponts fixos, els quals serveixen per restaurar un o diversos dents. Poden ser de metall-cer\u00e0mica o de zirconi. Les pr\u00f2tesis fixes sobre implants consten d&#8217;una estructura prot\u00e8tica fixada mitjan\u00e7ant caragols o cimentades als implants que s&#8217;han col\u00b7locat pr\u00e8viament dins dels ossos maxil\u00b7lars. Finalment, les pr\u00f2tesis h\u00edbrides sobre implants, combinin la fixaci\u00f3 dels implants amb la superf\u00edcie de la mucosa de la geniva per ajustar la pr\u00f2tesi. Aquests es fabriquin amb materials acr\u00edlics.<\/p>\n<p style=\"font-weight: 400;\"><span style=\"color: #000000;\"><a style=\"color: #000000;\" href=\"\/?page_id=678\"><strong>Pr\u00f2tesis dentals amovibles:<\/strong><\/a><\/span> aquestes s\u00f3n pr\u00f2tesis dentals que el mateix pacient els pot extreure. S\u00f3n l&#8217;opci\u00f3 m\u00e9s triada per a qui tingui la impossibilitat de sotmetre&#8217;s a la col\u00b7locaci\u00f3 d&#8217;implants dentals. S\u00f3n adequades per recuperar totes les peixos dentals, ja que abastin tota la carena \u00f2ssia.<\/p>\n<p>[\/vc_column_text][\/vc_column_inner][\/vc_row_inner][\/vc_column][\/vc_row]<\/p>\n<\/div>","protected":false},"excerpt":{"rendered":"<p>[vc_row full_width=&#8221;stretch_row&#8221; content_placement=&#8221;middle&#8221; css_animation=&#8221;none&#8221; el_class=&#8221;laclinica&#8221; css=&#8221;.vc_custom_1645438600876{margin-bottom: 8vw !important;padding-top: 4vw !important;padding-bottom: 4vw !important;background-color: #ffffff !important;}&#8221;][vc_column][vc_row_inner content_placement=&#8221;top&#8221; css=&#8221;.vc_custom_1644494371713{padding-bottom: 4vw !important;}&#8221;][vc_column_inner width=&#8221;1\/3&#8243;][\/vc_column_inner][vc_column_inner width=&#8221;1\/3&#8243;][vc_column_text] PR\u00d2TESI DENTAL [\/vc_column_text][vc_separator color=&#8221;black&#8221;][\/vc_column_inner][vc_column_inner width=&#8221;1\/3&#8243;][\/vc_column_inner][\/vc_row_inner][vc_row_inner content_placement=&#8221;top&#8221;][vc_column_inner][vc_column_text css=&#8221;.vc_custom_1670933532652{margin-bottom: 30px !important;}&#8221;] Qu\u00e8 \u00e9s una pr\u00f2tesi dental? [\/vc_column_text][vc_column_text el_class=&#8221;negre&#8221;] Una pr\u00f2tesi dental \u00e9s un element artificial fabricat de manera personalitzada amb materials com l&#8217;acr\u00edlic i la porcellana. Serveixen&hellip;<\/p>\n","protected":false},"author":1,"featured_media":0,"parent":0,"menu_order":0,"comment_status":"closed","ping_status":"closed","template":"","meta":{"_acf_changed":false,"_monsterinsights_skip_tracking":false,"_monsterinsights_sitenote_active":false,"_monsterinsights_sitenote_note":"","_monsterinsights_sitenote_category":0,"footnotes":""},"class_list":["post-678","page","type-page","status-publish","hentry"],"acf":[],"yoast_head":"<!-- This site is optimized with the Yoast SEO plugin v26.7 - https:\/\/yoast.com\/wordpress\/plugins\/seo\/ -->\n<title>Pr\u00f2tesi Dental a Tarragona - IB Cl\u00ednica Dental a Tarragona<\/title>\n<meta name=\"description\" content=\"Pr\u00f2tesi Dental a Tarragona, aconsegueix recuperar la funcionalitat i l&#039;est\u00e8tica de la teva dentadura - IB Cl\u00ednica Dental - Demana Cita!\" \/>\n<meta name=\"robots\" content=\"index, follow, max-snippet:-1, max-image-preview:large, max-video-preview:-1\" \/>\n<link rel=\"canonical\" href=\"https:\/\/ibclinicadental.com\/ca\/protesi-dental\" \/>\n<meta property=\"og:locale\" content=\"ca_ES\" \/>\n<meta property=\"og:type\" content=\"article\" \/>\n<meta property=\"og:title\" content=\"Pr\u00f2tesi Dental a Tarragona - IB Cl\u00ednica Dental a Tarragona\" \/>\n<meta property=\"og:description\" content=\"Pr\u00f2tesi Dental a Tarragona, aconsegueix recuperar la funcionalitat i l&#039;est\u00e8tica de la teva dentadura - IB Cl\u00ednica Dental - Demana Cita!\" \/>\n<meta property=\"og:url\" content=\"https:\/\/ibclinicadental.com\/ca\/protesi-dental\" \/>\n<meta property=\"og:site_name\" content=\"IB Clinica Dental\" \/>\n<meta property=\"article:modified_time\" content=\"2025-03-05T18:45:26+00:00\" \/>\n<meta name=\"twitter:card\" content=\"summary_large_image\" \/>\n<meta name=\"twitter:label1\" content=\"Temps estimat de lectura\" \/>\n\t<meta name=\"twitter:data1\" content=\"2 minuts\" \/>\n<script type=\"application\/ld+json\" class=\"yoast-schema-graph\">{\"@context\":\"https:\/\/schema.org\",\"@graph\":[{\"@type\":\"WebPage\",\"@id\":\"https:\/\/ibclinicadental.com\/ca\/protesi-dental\",\"url\":\"https:\/\/ibclinicadental.com\/ca\/protesi-dental\",\"name\":\"Pr\u00f2tesi Dental a Tarragona - IB Cl\u00ednica Dental a Tarragona\",\"isPartOf\":{\"@id\":\"https:\/\/ibclinicadental.com\/ca#website\"},\"datePublished\":\"2022-02-21T10:14:41+00:00\",\"dateModified\":\"2025-03-05T18:45:26+00:00\",\"description\":\"Pr\u00f2tesi Dental a Tarragona, aconsegueix recuperar la funcionalitat i l'est\u00e8tica de la teva dentadura - IB Cl\u00ednica Dental - Demana Cita!\",\"breadcrumb\":{\"@id\":\"https:\/\/ibclinicadental.com\/ca\/protesi-dental#breadcrumb\"},\"inLanguage\":\"ca\",\"potentialAction\":[{\"@type\":\"ReadAction\",\"target\":[\"https:\/\/ibclinicadental.com\/ca\/protesi-dental\"]}]},{\"@type\":\"BreadcrumbList\",\"@id\":\"https:\/\/ibclinicadental.com\/ca\/protesi-dental#breadcrumb\",\"itemListElement\":[{\"@type\":\"ListItem\",\"position\":1,\"name\":\"Portada\",\"item\":\"https:\/\/ibclinicadental.com\/ca\"},{\"@type\":\"ListItem\",\"position\":2,\"name\":\"Pr\u00f2tesi\"}]},{\"@type\":\"WebSite\",\"@id\":\"https:\/\/ibclinicadental.com\/ca#website\",\"url\":\"https:\/\/ibclinicadental.com\/ca\",\"name\":\"IB Clinica Dental\",\"description\":\"Clinica Dental en Tarragona. Excelencia en Odontolog\u00eda\",\"potentialAction\":[{\"@type\":\"SearchAction\",\"target\":{\"@type\":\"EntryPoint\",\"urlTemplate\":\"https:\/\/ibclinicadental.com\/ca?s={search_term_string}\"},\"query-input\":{\"@type\":\"PropertyValueSpecification\",\"valueRequired\":true,\"valueName\":\"search_term_string\"}}],\"inLanguage\":\"ca\"}]}<\/script>\n<!-- \/ Yoast SEO plugin. -->","yoast_head_json":{"title":"Pr\u00f2tesi Dental a Tarragona - IB Cl\u00ednica Dental a Tarragona","description":"Pr\u00f2tesi Dental a Tarragona, aconsegueix recuperar la funcionalitat i l'est\u00e8tica de la teva dentadura - IB Cl\u00ednica Dental - Demana Cita!","robots":{"index":"index","follow":"follow","max-snippet":"max-snippet:-1","max-image-preview":"max-image-preview:large","max-video-preview":"max-video-preview:-1"},"canonical":"https:\/\/ibclinicadental.com\/ca\/protesi-dental","og_locale":"ca_ES","og_type":"article","og_title":"Pr\u00f2tesi Dental a Tarragona - IB Cl\u00ednica Dental a Tarragona","og_description":"Pr\u00f2tesi Dental a Tarragona, aconsegueix recuperar la funcionalitat i l'est\u00e8tica de la teva dentadura - IB Cl\u00ednica Dental - Demana Cita!","og_url":"https:\/\/ibclinicadental.com\/ca\/protesi-dental","og_site_name":"IB Clinica Dental","article_modified_time":"2025-03-05T18:45:26+00:00","twitter_card":"summary_large_image","twitter_misc":{"Temps estimat de lectura":"2 minuts"},"schema":{"@context":"https:\/\/schema.org","@graph":[{"@type":"WebPage","@id":"https:\/\/ibclinicadental.com\/ca\/protesi-dental","url":"https:\/\/ibclinicadental.com\/ca\/protesi-dental","name":"Pr\u00f2tesi Dental a Tarragona - IB Cl\u00ednica Dental a Tarragona","isPartOf":{"@id":"https:\/\/ibclinicadental.com\/ca#website"},"datePublished":"2022-02-21T10:14:41+00:00","dateModified":"2025-03-05T18:45:26+00:00","description":"Pr\u00f2tesi Dental a Tarragona, aconsegueix recuperar la funcionalitat i l'est\u00e8tica de la teva dentadura - IB Cl\u00ednica Dental - Demana Cita!","breadcrumb":{"@id":"https:\/\/ibclinicadental.com\/ca\/protesi-dental#breadcrumb"},"inLanguage":"ca","potentialAction":[{"@type":"ReadAction","target":["https:\/\/ibclinicadental.com\/ca\/protesi-dental"]}]},{"@type":"BreadcrumbList","@id":"https:\/\/ibclinicadental.com\/ca\/protesi-dental#breadcrumb","itemListElement":[{"@type":"ListItem","position":1,"name":"Portada","item":"https:\/\/ibclinicadental.com\/ca"},{"@type":"ListItem","position":2,"name":"Pr\u00f2tesi"}]},{"@type":"WebSite","@id":"https:\/\/ibclinicadental.com\/ca#website","url":"https:\/\/ibclinicadental.com\/ca","name":"IB Clinica Dental","description":"Clinica Dental en Tarragona. Excelencia en Odontolog\u00eda","potentialAction":[{"@type":"SearchAction","target":{"@type":"EntryPoint","urlTemplate":"https:\/\/ibclinicadental.com\/ca?s={search_term_string}"},"query-input":{"@type":"PropertyValueSpecification","valueRequired":true,"valueName":"search_term_string"}}],"inLanguage":"ca"}]}},"_links":{"self":[{"href":"https:\/\/ibclinicadental.com\/ca\/wp-json\/wp\/v2\/pages\/678","targetHints":{"allow":["GET"]}}],"collection":[{"href":"https:\/\/ibclinicadental.com\/ca\/wp-json\/wp\/v2\/pages"}],"about":[{"href":"https:\/\/ibclinicadental.com\/ca\/wp-json\/wp\/v2\/types\/page"}],"author":[{"embeddable":true,"href":"https:\/\/ibclinicadental.com\/ca\/wp-json\/wp\/v2\/users\/1"}],"replies":[{"embeddable":true,"href":"https:\/\/ibclinicadental.com\/ca\/wp-json\/wp\/v2\/comments?post=678"}],"version-history":[{"count":9,"href":"https:\/\/ibclinicadental.com\/ca\/wp-json\/wp\/v2\/pages\/678\/revisions"}],"predecessor-version":[{"id":1860,"href":"https:\/\/ibclinicadental.com\/ca\/wp-json\/wp\/v2\/pages\/678\/revisions\/1860"}],"wp:attachment":[{"href":"https:\/\/ibclinicadental.com\/ca\/wp-json\/wp\/v2\/media?parent=678"}],"curies":[{"name":"wp","href":"https:\/\/api.w.org\/{rel}","templated":true}]}}